{"id":114,"date":"2024-03-17T17:01:44","date_gmt":"2024-03-17T16:01:44","guid":{"rendered":"https:\/\/mielmalaki.com\/?page_id=114"},"modified":"2024-04-01T20:29:09","modified_gmt":"2024-04-01T18:29:09","slug":"conditions-generales-de-vente","status":"publish","type":"page","link":"https:\/\/mielmalaki.com\/index.php\/conditions-generales-de-vente\/","title":{"rendered":"Conditions G\u00e9n\u00e9rales de Vente"},"content":{"rendered":"\t\t<div data-elementor-type=\"wp-page\" data-elementor-id=\"114\" class=\"elementor elementor-114\">\n\t\t\t\t<div class=\"elementor-element elementor-element-a38e54a e-flex e-con-boxed e-con e-parent\" data-id=\"a38e54a\" data-element_type=\"container\" data-e-type=\"container\">\n\t\t\t\t\t<div class=\"e-con-inner\">\n\t\t\t\t\t<\/div>\n\t\t\t\t<\/div>\n\t\t<div class=\"elementor-element elementor-element-faecc5c e-flex e-con-boxed e-con e-parent\" data-id=\"faecc5c\" data-element_type=\"container\" data-e-type=\"container\">\n\t\t\t\t\t<div class=\"e-con-inner\">\n\t\t\t\t<div class=\"elementor-element elementor-element-6ed97a6 elementor-widget elementor-widget-text-editor\" data-id=\"6ed97a6\" data-element_type=\"widget\" data-e-type=\"widget\" data-widget_type=\"text-editor.default\">\n\t\t\t\t<div class=\"elementor-widget-container\">\n\t\t\t\t\t\t\t\t\t<p><strong>Conditions G\u00e9n\u00e9rales de Vente :<\/strong><\/p><p><span style=\"text-decoration: underline;\">Article 1<\/span> : Champ d&#8217;application<\/p><p>Les pr\u00e9sentes conditions g\u00e9n\u00e9rales de vente s&#8217;appliquent \u00e0 toutes les ventes de produits effectu\u00e9es par Miel Malaki sur son site web.<\/p><p><span style=\"text-decoration: underline;\">Article 2<\/span> : Produits<\/p><p>Les produits propos\u00e9s \u00e0 la vente sont ceux figurant sur le site web de Miel Malaki, dans la limite des stocks disponibles. Les photographies des produits ne sont pas contractuelles et peuvent varier l\u00e9g\u00e8rement du produit r\u00e9el.<\/p><p><span style=\"text-decoration: underline;\">Article 3<\/span> : Prix<\/p><p>Les prix des produits sont indiqu\u00e9s en euros toutes taxes comprises (TTC) et hors frais de livraison. La TVA de 20% est incluse dans le prix. Le prix est effectif au moment de la commande, Miel Malaki s&#8217;engage a ne pas pratiqu\u00e9 un politique ou quelconque pratique de frais cach\u00e9s.<\/p><p><span style=\"text-decoration: underline;\">Article 4<\/span> : Commande<\/p><p>La passation de commande sur le site web de Miel Malaki implique l&#8217;acceptation int\u00e9grale et sans r\u00e9serve des pr\u00e9sentes conditions g\u00e9n\u00e9rales de vente. La commande sera confirm\u00e9e par Miel Malaki par e-mail dans les meilleurs d\u00e9lais. Nous acceptons les commandes provenans de France M\u00e9tropolitaine et nous reservons le droit d&#8217;annuler une commande si nous ne sommes en mesure de l&#8217;honnorer.<\/p><p><span style=\"text-decoration: underline;\">Article 5<\/span> : Paiement<\/p><p>Le r\u00e8glement des commandes s&#8217;effectue par voie \u00e9lectronique. Miel Malaki ne propose pas de paiement en plusieurs fois ou autre dispositif de cr\u00e9dit. Les produits demeurent la propri\u00e9t\u00e9 de Miel Malaki jusqu&#8217;au paiement int\u00e9gral de la commande.<\/p><p><span style=\"text-decoration: underline;\">Article 6<\/span> : Livraison<\/p><p>Les produits sont livr\u00e9s \u00e0 l&#8217;adresse indiqu\u00e9e par le client lors de la commande. Les d\u00e9lais de livraison sont indiqu\u00e9s sur le site web de Miel Malaki et peuvent varier en fonction de la destination et des conditions de transport. Des frais de livraisons suppl\u00e9mentaires peuvent s&#8217;appliquer lors de la s\u00e9lection du mode de livraison.<\/p><p><span style=\"text-decoration: underline;\">Article 7<\/span> : Droit de r\u00e9tractation<\/p><p>Conform\u00e9ment \u00e0 la l\u00e9gislation en vigueur, le client dispose d&#8217;un d\u00e9lai de 14 jours \u00e0 compter de la r\u00e9ception des produits pour exercer son droit de r\u00e9tractation et retourner les produits \u00e0 Miel Malaki pour remboursement, sans p\u00e9nalit\u00e9 et sans avoir \u00e0 justifier de motifs.<\/p><p><span style=\"text-decoration: underline;\">Article 8<\/span> : Garantie<\/p><p>Les produits vendus par Miel Malaki b\u00e9n\u00e9ficient de la garantie l\u00e9gale de conformit\u00e9 et de la garantie contre les vices cach\u00e9s, dans les conditions pr\u00e9vues par la loi.<\/p><p><span style=\"text-decoration: underline;\">Article 9<\/span> : Responsabilit\u00e9<\/p><p>Miel Malaki ne saurait \u00eatre tenue pour responsable des dommages directs ou indirects caus\u00e9s par l&#8217;utilisation des produits vendus sur son site web.<\/p><p><span style=\"text-decoration: underline;\">Article 10<\/span> : Protection des donn\u00e9es personnelles<\/p><p>Les donn\u00e9es personnelles collect\u00e9es dans le cadre des commandes sont trait\u00e9es conform\u00e9ment \u00e0 la politique de confidentialit\u00e9 de Miel Malaki.<\/p><p><span style=\"text-decoration: underline;\">Article 11<\/span> : Litiges<\/p><p>En cas de litige, une solution amiable sera recherch\u00e9e en priorit\u00e9. \u00c0 d\u00e9faut, les tribunaux comp\u00e9tents seront ceux du lieu du si\u00e8ge social de Miel Malaki.<\/p>\t\t\t\t\t\t\t\t<\/div>\n\t\t\t\t<\/div>\n\t\t\t\t\t<\/div>\n\t\t\t\t<\/div>\n\t\t\t\t<\/div>\n\t\t","protected":false},"excerpt":{"rendered":"<p>Conditions G\u00e9n\u00e9rales de Vente : Article 1 : Champ d&#8217;application Les pr\u00e9sentes conditions g\u00e9n\u00e9rales de vente s&#8217;appliquent \u00e0 toutes les ventes de produits effectu\u00e9es par Miel Malaki sur son site web. Article 2 : Produits Les produits propos\u00e9s \u00e0 la vente sont ceux figurant sur le site web de Miel Malaki, dans la limite des [&hellip;]<\/p>\n","protected":false},"author":1,"featured_media":0,"parent":0,"menu_order":0,"comment_status":"closed","ping_status":"closed","template":"","meta":{"_monsterinsights_skip_tracking":false,"_monsterinsights_sitenote_active":false,"_monsterinsights_sitenote_note":"","_monsterinsights_sitenote_category":0,"footnotes":""},"class_list":["post-114","page","type-page","status-publish","hentry","entry","owp-thumbs-layout-horizontal","owp-btn-normal","owp-tabs-layout-horizontal","has-no-thumbnails","has-product-nav"],"yoast_head":"<!-- This site is optimized with the Yoast SEO plugin v27.4 - https:\/\/yoast.com\/product\/yoast-seo-wordpress\/ -->\n<title>Conditions G\u00e9n\u00e9rales de Vente - mielmalaki.com<\/title>\n<meta name=\"robots\" content=\"index, follow, max-snippet:-1, max-image-preview:large, max-video-preview:-1\" \/>\n<link rel=\"canonical\" href=\"https:\/\/mielmalaki.com\/index.php\/conditions-generales-de-vente\/\" \/>\n<meta property=\"og:locale\" content=\"en_US\" \/>\n<meta property=\"og:type\" content=\"article\" \/>\n<meta property=\"og:title\" content=\"Conditions G\u00e9n\u00e9rales de Vente - mielmalaki.com\" \/>\n<meta property=\"og:description\" content=\"Conditions G\u00e9n\u00e9rales de Vente : Article 1 : Champ d&#8217;application Les pr\u00e9sentes conditions g\u00e9n\u00e9rales de vente s&#8217;appliquent \u00e0 toutes les ventes de produits effectu\u00e9es par Miel Malaki sur son site web. Article 2 : Produits Les produits propos\u00e9s \u00e0 la vente sont ceux figurant sur le site web de Miel Malaki, dans la limite des [&hellip;]\" \/>\n<meta property=\"og:url\" content=\"https:\/\/mielmalaki.com\/index.php\/conditions-generales-de-vente\/\" \/>\n<meta property=\"og:site_name\" content=\"mielmalaki.com\" \/>\n<meta property=\"article:modified_time\" content=\"2024-04-01T18:29:09+00:00\" \/>\n<meta name=\"twitter:card\" content=\"summary_large_image\" \/>\n<meta name=\"twitter:label1\" content=\"Est. reading time\" \/>\n\t<meta name=\"twitter:data1\" content=\"3 minutes\" \/>\n<script type=\"application\/ld+json\" class=\"yoast-schema-graph\">{\"@context\":\"https:\\\/\\\/schema.org\",\"@graph\":[{\"@type\":\"WebPage\",\"@id\":\"https:\\\/\\\/mielmalaki.com\\\/index.php\\\/conditions-generales-de-vente\\\/\",\"url\":\"https:\\\/\\\/mielmalaki.com\\\/index.php\\\/conditions-generales-de-vente\\\/\",\"name\":\"Conditions G\u00e9n\u00e9rales de Vente - mielmalaki.com\",\"isPartOf\":{\"@id\":\"https:\\\/\\\/mielmalaki.com\\\/#website\"},\"datePublished\":\"2024-03-17T16:01:44+00:00\",\"dateModified\":\"2024-04-01T18:29:09+00:00\",\"breadcrumb\":{\"@id\":\"https:\\\/\\\/mielmalaki.com\\\/index.php\\\/conditions-generales-de-vente\\\/#breadcrumb\"},\"inLanguage\":\"en-US\",\"potentialAction\":[{\"@type\":\"ReadAction\",\"target\":[\"https:\\\/\\\/mielmalaki.com\\\/index.php\\\/conditions-generales-de-vente\\\/\"]}]},{\"@type\":\"BreadcrumbList\",\"@id\":\"https:\\\/\\\/mielmalaki.com\\\/index.php\\\/conditions-generales-de-vente\\\/#breadcrumb\",\"itemListElement\":[{\"@type\":\"ListItem\",\"position\":1,\"name\":\"Accueil\",\"item\":\"https:\\\/\\\/mielmalaki.com\\\/\"},{\"@type\":\"ListItem\",\"position\":2,\"name\":\"Conditions G\u00e9n\u00e9rales de Vente\"}]},{\"@type\":\"WebSite\",\"@id\":\"https:\\\/\\\/mielmalaki.com\\\/#website\",\"url\":\"https:\\\/\\\/mielmalaki.com\\\/\",\"name\":\"mielmalaki.com\",\"description\":\"\",\"publisher\":{\"@id\":\"https:\\\/\\\/mielmalaki.com\\\/#organization\"},\"potentialAction\":[{\"@type\":\"SearchAction\",\"target\":{\"@type\":\"EntryPoint\",\"urlTemplate\":\"https:\\\/\\\/mielmalaki.com\\\/?s={search_term_string}\"},\"query-input\":{\"@type\":\"PropertyValueSpecification\",\"valueRequired\":true,\"valueName\":\"search_term_string\"}}],\"inLanguage\":\"en-US\"},{\"@type\":\"Organization\",\"@id\":\"https:\\\/\\\/mielmalaki.com\\\/#organization\",\"name\":\"mielmalaki.com\",\"url\":\"https:\\\/\\\/mielmalaki.com\\\/\",\"logo\":{\"@type\":\"ImageObject\",\"inLanguage\":\"en-US\",\"@id\":\"https:\\\/\\\/mielmalaki.com\\\/#\\\/schema\\\/logo\\\/image\\\/\",\"url\":\"https:\\\/\\\/mielmalaki.com\\\/wp-content\\\/uploads\\\/2024\\\/06\\\/cropped-logo-miel-2.png\",\"contentUrl\":\"https:\\\/\\\/mielmalaki.com\\\/wp-content\\\/uploads\\\/2024\\\/06\\\/cropped-logo-miel-2.png\",\"width\":637,\"height\":281,\"caption\":\"mielmalaki.com\"},\"image\":{\"@id\":\"https:\\\/\\\/mielmalaki.com\\\/#\\\/schema\\\/logo\\\/image\\\/\"}}]}<\/script>\n<!-- \/ Yoast SEO plugin. -->","yoast_head_json":{"title":"Conditions G\u00e9n\u00e9rales de Vente - mielmalaki.com","robots":{"index":"index","follow":"follow","max-snippet":"max-snippet:-1","max-image-preview":"max-image-preview:large","max-video-preview":"max-video-preview:-1"},"canonical":"https:\/\/mielmalaki.com\/index.php\/conditions-generales-de-vente\/","og_locale":"en_US","og_type":"article","og_title":"Conditions G\u00e9n\u00e9rales de Vente - mielmalaki.com","og_description":"Conditions G\u00e9n\u00e9rales de Vente : Article 1 : Champ d&#8217;application Les pr\u00e9sentes conditions g\u00e9n\u00e9rales de vente s&#8217;appliquent \u00e0 toutes les ventes de produits effectu\u00e9es par Miel Malaki sur son site web. Article 2 : Produits Les produits propos\u00e9s \u00e0 la vente sont ceux figurant sur le site web de Miel Malaki, dans la limite des [&hellip;]","og_url":"https:\/\/mielmalaki.com\/index.php\/conditions-generales-de-vente\/","og_site_name":"mielmalaki.com","article_modified_time":"2024-04-01T18:29:09+00:00","twitter_card":"summary_large_image","twitter_misc":{"Est. reading time":"3 minutes"},"schema":{"@context":"https:\/\/schema.org","@graph":[{"@type":"WebPage","@id":"https:\/\/mielmalaki.com\/index.php\/conditions-generales-de-vente\/","url":"https:\/\/mielmalaki.com\/index.php\/conditions-generales-de-vente\/","name":"Conditions G\u00e9n\u00e9rales de Vente - mielmalaki.com","isPartOf":{"@id":"https:\/\/mielmalaki.com\/#website"},"datePublished":"2024-03-17T16:01:44+00:00","dateModified":"2024-04-01T18:29:09+00:00","breadcrumb":{"@id":"https:\/\/mielmalaki.com\/index.php\/conditions-generales-de-vente\/#breadcrumb"},"inLanguage":"en-US","potentialAction":[{"@type":"ReadAction","target":["https:\/\/mielmalaki.com\/index.php\/conditions-generales-de-vente\/"]}]},{"@type":"BreadcrumbList","@id":"https:\/\/mielmalaki.com\/index.php\/conditions-generales-de-vente\/#breadcrumb","itemListElement":[{"@type":"ListItem","position":1,"name":"Accueil","item":"https:\/\/mielmalaki.com\/"},{"@type":"ListItem","position":2,"name":"Conditions G\u00e9n\u00e9rales de Vente"}]},{"@type":"WebSite","@id":"https:\/\/mielmalaki.com\/#website","url":"https:\/\/mielmalaki.com\/","name":"mielmalaki.com","description":"","publisher":{"@id":"https:\/\/mielmalaki.com\/#organization"},"potentialAction":[{"@type":"SearchAction","target":{"@type":"EntryPoint","urlTemplate":"https:\/\/mielmalaki.com\/?s={search_term_string}"},"query-input":{"@type":"PropertyValueSpecification","valueRequired":true,"valueName":"search_term_string"}}],"inLanguage":"en-US"},{"@type":"Organization","@id":"https:\/\/mielmalaki.com\/#organization","name":"mielmalaki.com","url":"https:\/\/mielmalaki.com\/","logo":{"@type":"ImageObject","inLanguage":"en-US","@id":"https:\/\/mielmalaki.com\/#\/schema\/logo\/image\/","url":"https:\/\/mielmalaki.com\/wp-content\/uploads\/2024\/06\/cropped-logo-miel-2.png","contentUrl":"https:\/\/mielmalaki.com\/wp-content\/uploads\/2024\/06\/cropped-logo-miel-2.png","width":637,"height":281,"caption":"mielmalaki.com"},"image":{"@id":"https:\/\/mielmalaki.com\/#\/schema\/logo\/image\/"}}]}},"jetpack_sharing_enabled":true,"_links":{"self":[{"href":"https:\/\/mielmalaki.com\/index.php\/wp-json\/wp\/v2\/pages\/114","targetHints":{"allow":["GET"]}}],"collection":[{"href":"https:\/\/mielmalaki.com\/index.php\/wp-json\/wp\/v2\/pages"}],"about":[{"href":"https:\/\/mielmalaki.com\/index.php\/wp-json\/wp\/v2\/types\/page"}],"author":[{"embeddable":true,"href":"https:\/\/mielmalaki.com\/index.php\/wp-json\/wp\/v2\/users\/1"}],"replies":[{"embeddable":true,"href":"https:\/\/mielmalaki.com\/index.php\/wp-json\/wp\/v2\/comments?post=114"}],"version-history":[{"count":4,"href":"https:\/\/mielmalaki.com\/index.php\/wp-json\/wp\/v2\/pages\/114\/revisions"}],"predecessor-version":[{"id":204,"href":"https:\/\/mielmalaki.com\/index.php\/wp-json\/wp\/v2\/pages\/114\/revisions\/204"}],"wp:attachment":[{"href":"https:\/\/mielmalaki.com\/index.php\/wp-json\/wp\/v2\/media?parent=114"}],"curies":[{"name":"wp","href":"https:\/\/api.w.org\/{rel}","templated":true}]}}