{"id":18,"date":"2024-03-10T20:18:17","date_gmt":"2024-03-10T19:18:17","guid":{"rendered":"https:\/\/mielmalaki.com\/?post_type=product&#038;p=18"},"modified":"2025-01-03T18:57:29","modified_gmt":"2025-01-03T17:57:29","slug":"miel-davocat","status":"publish","type":"product","link":"https:\/\/mielmalaki.com\/index.php\/product\/miel-davocat\/","title":{"rendered":"Miel d&#8217;Avocat"},"content":{"rendered":"<p>D\u00e9couvrez le Prestige du Miel d&#8217;Avocat : Une \u00c9lixir Rare et Envo\u00fbtant<\/p>\n<p>Plongez dans l&#8217;univers du miel d&#8217;avocat, une merveille mono-florale qui captive par sa raret\u00e9 et son exotisme. Ce tr\u00e9sor de la nature, \u00e0 la teinte profonde et presque rougeoyante, est un hommage \u00e0 l&#8217;unicit\u00e9 et \u00e0 la richesse de la flore. Issu exclusivement des nectars de l&#8217;avocatier, ce miel se distingue par sa palette aromatique intense et sophistiqu\u00e9e, offrant une exp\u00e9rience gustative inoubliable. Laissez-vous s\u00e9duire par ses notes audacieuses de r\u00e9glisse et de caf\u00e9, et savourez sa texture velout\u00e9e qui persiste d\u00e9licieusement en bouche, parfois ponctu\u00e9e d&#8217;une pointe acidul\u00e9e.<\/p>\n<p><strong>Les Vertus Exceptionnelles du Miel d&#8217;Avocat<\/strong><\/p>\n<p>Int\u00e9grer le miel d&#8217;avocat \u00e0 votre quotidien, c&#8217;est choisir un mode de vie empreint de bien-\u00eatre et de plaisir. Sa polyvalence culinaire vous permet de l&#8217;incorporer subtilement \u00e0 vos recettes, transformant chaque bouch\u00e9e en une v\u00e9ritable c\u00e9l\u00e9bration de saveurs. Adoptez le miel d&#8217;avocat et laissez sa magie op\u00e9rer, pour une sant\u00e9 rayonnante et un quotidien empli de vitalit\u00e9.<\/p>\n","protected":false},"excerpt":{"rendered":"<p>Au-del\u00e0 de son go\u00fbt unique, le miel d&#8217;avocat est un v\u00e9ritable alli\u00e9 pour votre bien-\u00eatre. Reconnu pour ses propri\u00e9t\u00e9s apaisantes, il est particuli\u00e8rement efficace contre la toux et les d\u00e9sagr\u00e9ments digestifs. Gorg\u00e9 d&#8217;antioxydants, il est un pilier pour pr\u00e9server la jeunesse de votre peau, tout en offrant des propri\u00e9t\u00e9s antibact\u00e9riennes pr\u00e9cieuses pour prot\u00e9ger votre organisme des infections et des inflammations. Riche en fibres, il favorise une digestion harmonieuse, r\u00e9gulant le syst\u00e8me digestif et pr\u00e9venant la constipation avec \u00e9l\u00e9gance.<\/p>\n<p>Mais les bienfaits du miel d&#8217;avocat ne s&#8217;arr\u00eatent pas l\u00e0. V\u00e9ritable force de la nature, il contribue \u00e0 renforcer votre syst\u00e8me immunitaire, \u00e0 r\u00e9duire le stress et \u00e0 soutenir la sant\u00e9 de votre c\u0153ur.<\/p>\n","protected":false},"featured_media":455,"comment_status":"open","ping_status":"closed","template":"","meta":{"_monsterinsights_skip_tracking":false,"_monsterinsights_sitenote_active":false,"_monsterinsights_sitenote_note":"","_monsterinsights_sitenote_category":0},"product_brand":[],"product_cat":[20],"product_tag":[],"class_list":{"0":"post-18","1":"product","2":"type-product","3":"status-publish","4":"has-post-thumbnail","6":"product_cat-miel","8":"entry","9":"has-media","11":"first","12":"instock","13":"purchasable","14":"product-type-variable","15":"has-default-attributes","16":"has-product-nav","17":"col","18":"span_1_of_3","19":"owp-content-center","20":"owp-thumbs-layout-horizontal","21":"owp-btn-normal","22":"owp-tabs-layout-horizontal","23":"has-no-thumbnails"},"yoast_head":"<!-- This site is optimized with the Yoast SEO plugin v27.4 - https:\/\/yoast.com\/product\/yoast-seo-wordpress\/ -->\n<title>Miel d&#039;Avocat - mielmalaki.com<\/title>\n<meta name=\"robots\" content=\"index, follow, max-snippet:-1, max-image-preview:large, max-video-preview:-1\" \/>\n<link rel=\"canonical\" href=\"https:\/\/mielmalaki.com\/index.php\/product\/miel-davocat\/\" \/>\n<meta property=\"og:locale\" content=\"en_US\" \/>\n<meta property=\"og:type\" content=\"article\" \/>\n<meta property=\"og:title\" content=\"Miel d&#039;Avocat - mielmalaki.com\" \/>\n<meta property=\"og:description\" content=\"Au-del\u00e0 de son go\u00fbt unique, le miel d&#039;avocat est un v\u00e9ritable alli\u00e9 pour votre bien-\u00eatre. Reconnu pour ses propri\u00e9t\u00e9s apaisantes, il est particuli\u00e8rement efficace contre la toux et les d\u00e9sagr\u00e9ments digestifs. Gorg\u00e9 d&#039;antioxydants, il est un pilier pour pr\u00e9server la jeunesse de votre peau, tout en offrant des propri\u00e9t\u00e9s antibact\u00e9riennes pr\u00e9cieuses pour prot\u00e9ger votre organisme des infections et des inflammations. Riche en fibres, il favorise une digestion harmonieuse, r\u00e9gulant le syst\u00e8me digestif et pr\u00e9venant la constipation avec \u00e9l\u00e9gance.Mais les bienfaits du miel d&#039;avocat ne s&#039;arr\u00eatent pas l\u00e0. V\u00e9ritable force de la nature, il contribue \u00e0 renforcer votre syst\u00e8me immunitaire, \u00e0 r\u00e9duire le stress et \u00e0 soutenir la sant\u00e9 de votre c\u0153ur.\" \/>\n<meta property=\"og:url\" content=\"https:\/\/mielmalaki.com\/index.php\/product\/miel-davocat\/\" \/>\n<meta property=\"og:site_name\" content=\"mielmalaki.com\" \/>\n<meta property=\"article:modified_time\" content=\"2025-01-03T17:57:29+00:00\" \/>\n<meta property=\"og:image\" content=\"https:\/\/mielmalaki.com\/wp-content\/uploads\/2024\/04\/thibault-abraham-photography-1-scaled.jpg\" \/>\n\t<meta property=\"og:image:width\" content=\"1707\" \/>\n\t<meta property=\"og:image:height\" content=\"2560\" \/>\n\t<meta property=\"og:image:type\" content=\"image\/jpeg\" \/>\n<meta name=\"twitter:card\" content=\"summary_large_image\" \/>\n<meta name=\"twitter:label1\" content=\"Est. reading time\" \/>\n\t<meta name=\"twitter:data1\" content=\"1 minute\" \/>\n<script type=\"application\/ld+json\" class=\"yoast-schema-graph\">{\"@context\":\"https:\\\/\\\/schema.org\",\"@graph\":[{\"@type\":\"WebPage\",\"@id\":\"https:\\\/\\\/mielmalaki.com\\\/index.php\\\/product\\\/miel-davocat\\\/\",\"url\":\"https:\\\/\\\/mielmalaki.com\\\/index.php\\\/product\\\/miel-davocat\\\/\",\"name\":\"Miel d'Avocat - mielmalaki.com\",\"isPartOf\":{\"@id\":\"https:\\\/\\\/mielmalaki.com\\\/#website\"},\"primaryImageOfPage\":{\"@id\":\"https:\\\/\\\/mielmalaki.com\\\/index.php\\\/product\\\/miel-davocat\\\/#primaryimage\"},\"image\":{\"@id\":\"https:\\\/\\\/mielmalaki.com\\\/index.php\\\/product\\\/miel-davocat\\\/#primaryimage\"},\"thumbnailUrl\":\"https:\\\/\\\/mielmalaki.com\\\/wp-content\\\/uploads\\\/2025\\\/01\\\/Miel-dAvocat-scaled.jpg\",\"datePublished\":\"2024-03-10T19:18:17+00:00\",\"dateModified\":\"2025-01-03T17:57:29+00:00\",\"breadcrumb\":{\"@id\":\"https:\\\/\\\/mielmalaki.com\\\/index.php\\\/product\\\/miel-davocat\\\/#breadcrumb\"},\"inLanguage\":\"en-US\",\"potentialAction\":[{\"@type\":\"ReadAction\",\"target\":[\"https:\\\/\\\/mielmalaki.com\\\/index.php\\\/product\\\/miel-davocat\\\/\"]}]},{\"@type\":\"ImageObject\",\"inLanguage\":\"en-US\",\"@id\":\"https:\\\/\\\/mielmalaki.com\\\/index.php\\\/product\\\/miel-davocat\\\/#primaryimage\",\"url\":\"https:\\\/\\\/mielmalaki.com\\\/wp-content\\\/uploads\\\/2025\\\/01\\\/Miel-dAvocat-scaled.jpg\",\"contentUrl\":\"https:\\\/\\\/mielmalaki.com\\\/wp-content\\\/uploads\\\/2025\\\/01\\\/Miel-dAvocat-scaled.jpg\",\"width\":1707,\"height\":2560},{\"@type\":\"BreadcrumbList\",\"@id\":\"https:\\\/\\\/mielmalaki.com\\\/index.php\\\/product\\\/miel-davocat\\\/#breadcrumb\",\"itemListElement\":[{\"@type\":\"ListItem\",\"position\":1,\"name\":\"Accueil\",\"item\":\"https:\\\/\\\/mielmalaki.com\\\/\"},{\"@type\":\"ListItem\",\"position\":2,\"name\":\"Shop\",\"item\":\"https:\\\/\\\/mielmalaki.com\\\/index.php\\\/shop\\\/\"},{\"@type\":\"ListItem\",\"position\":3,\"name\":\"Miel d&#8217;Avocat\"}]},{\"@type\":\"WebSite\",\"@id\":\"https:\\\/\\\/mielmalaki.com\\\/#website\",\"url\":\"https:\\\/\\\/mielmalaki.com\\\/\",\"name\":\"mielmalaki.com\",\"description\":\"\",\"publisher\":{\"@id\":\"https:\\\/\\\/mielmalaki.com\\\/#organization\"},\"potentialAction\":[{\"@type\":\"SearchAction\",\"target\":{\"@type\":\"EntryPoint\",\"urlTemplate\":\"https:\\\/\\\/mielmalaki.com\\\/?s={search_term_string}\"},\"query-input\":{\"@type\":\"PropertyValueSpecification\",\"valueRequired\":true,\"valueName\":\"search_term_string\"}}],\"inLanguage\":\"en-US\"},{\"@type\":\"Organization\",\"@id\":\"https:\\\/\\\/mielmalaki.com\\\/#organization\",\"name\":\"mielmalaki.com\",\"url\":\"https:\\\/\\\/mielmalaki.com\\\/\",\"logo\":{\"@type\":\"ImageObject\",\"inLanguage\":\"en-US\",\"@id\":\"https:\\\/\\\/mielmalaki.com\\\/#\\\/schema\\\/logo\\\/image\\\/\",\"url\":\"https:\\\/\\\/mielmalaki.com\\\/wp-content\\\/uploads\\\/2024\\\/06\\\/cropped-logo-miel-2.png\",\"contentUrl\":\"https:\\\/\\\/mielmalaki.com\\\/wp-content\\\/uploads\\\/2024\\\/06\\\/cropped-logo-miel-2.png\",\"width\":637,\"height\":281,\"caption\":\"mielmalaki.com\"},\"image\":{\"@id\":\"https:\\\/\\\/mielmalaki.com\\\/#\\\/schema\\\/logo\\\/image\\\/\"}}]}<\/script>\n<!-- \/ Yoast SEO plugin. -->","yoast_head_json":{"title":"Miel d'Avocat - mielmalaki.com","robots":{"index":"index","follow":"follow","max-snippet":"max-snippet:-1","max-image-preview":"max-image-preview:large","max-video-preview":"max-video-preview:-1"},"canonical":"https:\/\/mielmalaki.com\/index.php\/product\/miel-davocat\/","og_locale":"en_US","og_type":"article","og_title":"Miel d'Avocat - mielmalaki.com","og_description":"Au-del\u00e0 de son go\u00fbt unique, le miel d'avocat est un v\u00e9ritable alli\u00e9 pour votre bien-\u00eatre. Reconnu pour ses propri\u00e9t\u00e9s apaisantes, il est particuli\u00e8rement efficace contre la toux et les d\u00e9sagr\u00e9ments digestifs. Gorg\u00e9 d'antioxydants, il est un pilier pour pr\u00e9server la jeunesse de votre peau, tout en offrant des propri\u00e9t\u00e9s antibact\u00e9riennes pr\u00e9cieuses pour prot\u00e9ger votre organisme des infections et des inflammations. Riche en fibres, il favorise une digestion harmonieuse, r\u00e9gulant le syst\u00e8me digestif et pr\u00e9venant la constipation avec \u00e9l\u00e9gance.Mais les bienfaits du miel d'avocat ne s'arr\u00eatent pas l\u00e0. V\u00e9ritable force de la nature, il contribue \u00e0 renforcer votre syst\u00e8me immunitaire, \u00e0 r\u00e9duire le stress et \u00e0 soutenir la sant\u00e9 de votre c\u0153ur.","og_url":"https:\/\/mielmalaki.com\/index.php\/product\/miel-davocat\/","og_site_name":"mielmalaki.com","article_modified_time":"2025-01-03T17:57:29+00:00","og_image":[{"width":1707,"height":2560,"url":"https:\/\/mielmalaki.com\/wp-content\/uploads\/2024\/04\/thibault-abraham-photography-1-scaled.jpg","type":"image\/jpeg"}],"twitter_card":"summary_large_image","twitter_misc":{"Est. reading time":"1 minute"},"schema":{"@context":"https:\/\/schema.org","@graph":[{"@type":"WebPage","@id":"https:\/\/mielmalaki.com\/index.php\/product\/miel-davocat\/","url":"https:\/\/mielmalaki.com\/index.php\/product\/miel-davocat\/","name":"Miel d'Avocat - mielmalaki.com","isPartOf":{"@id":"https:\/\/mielmalaki.com\/#website"},"primaryImageOfPage":{"@id":"https:\/\/mielmalaki.com\/index.php\/product\/miel-davocat\/#primaryimage"},"image":{"@id":"https:\/\/mielmalaki.com\/index.php\/product\/miel-davocat\/#primaryimage"},"thumbnailUrl":"https:\/\/mielmalaki.com\/wp-content\/uploads\/2025\/01\/Miel-dAvocat-scaled.jpg","datePublished":"2024-03-10T19:18:17+00:00","dateModified":"2025-01-03T17:57:29+00:00","breadcrumb":{"@id":"https:\/\/mielmalaki.com\/index.php\/product\/miel-davocat\/#breadcrumb"},"inLanguage":"en-US","potentialAction":[{"@type":"ReadAction","target":["https:\/\/mielmalaki.com\/index.php\/product\/miel-davocat\/"]}]},{"@type":"ImageObject","inLanguage":"en-US","@id":"https:\/\/mielmalaki.com\/index.php\/product\/miel-davocat\/#primaryimage","url":"https:\/\/mielmalaki.com\/wp-content\/uploads\/2025\/01\/Miel-dAvocat-scaled.jpg","contentUrl":"https:\/\/mielmalaki.com\/wp-content\/uploads\/2025\/01\/Miel-dAvocat-scaled.jpg","width":1707,"height":2560},{"@type":"BreadcrumbList","@id":"https:\/\/mielmalaki.com\/index.php\/product\/miel-davocat\/#breadcrumb","itemListElement":[{"@type":"ListItem","position":1,"name":"Accueil","item":"https:\/\/mielmalaki.com\/"},{"@type":"ListItem","position":2,"name":"Shop","item":"https:\/\/mielmalaki.com\/index.php\/shop\/"},{"@type":"ListItem","position":3,"name":"Miel d&#8217;Avocat"}]},{"@type":"WebSite","@id":"https:\/\/mielmalaki.com\/#website","url":"https:\/\/mielmalaki.com\/","name":"mielmalaki.com","description":"","publisher":{"@id":"https:\/\/mielmalaki.com\/#organization"},"potentialAction":[{"@type":"SearchAction","target":{"@type":"EntryPoint","urlTemplate":"https:\/\/mielmalaki.com\/?s={search_term_string}"},"query-input":{"@type":"PropertyValueSpecification","valueRequired":true,"valueName":"search_term_string"}}],"inLanguage":"en-US"},{"@type":"Organization","@id":"https:\/\/mielmalaki.com\/#organization","name":"mielmalaki.com","url":"https:\/\/mielmalaki.com\/","logo":{"@type":"ImageObject","inLanguage":"en-US","@id":"https:\/\/mielmalaki.com\/#\/schema\/logo\/image\/","url":"https:\/\/mielmalaki.com\/wp-content\/uploads\/2024\/06\/cropped-logo-miel-2.png","contentUrl":"https:\/\/mielmalaki.com\/wp-content\/uploads\/2024\/06\/cropped-logo-miel-2.png","width":637,"height":281,"caption":"mielmalaki.com"},"image":{"@id":"https:\/\/mielmalaki.com\/#\/schema\/logo\/image\/"}}]}},"jetpack_sharing_enabled":true,"_links":{"self":[{"href":"https:\/\/mielmalaki.com\/index.php\/wp-json\/wp\/v2\/product\/18","targetHints":{"allow":["GET"]}}],"collection":[{"href":"https:\/\/mielmalaki.com\/index.php\/wp-json\/wp\/v2\/product"}],"about":[{"href":"https:\/\/mielmalaki.com\/index.php\/wp-json\/wp\/v2\/types\/product"}],"replies":[{"embeddable":true,"href":"https:\/\/mielmalaki.com\/index.php\/wp-json\/wp\/v2\/comments?post=18"}],"wp:featuredmedia":[{"embeddable":true,"href":"https:\/\/mielmalaki.com\/index.php\/wp-json\/wp\/v2\/media\/455"}],"wp:attachment":[{"href":"https:\/\/mielmalaki.com\/index.php\/wp-json\/wp\/v2\/media?parent=18"}],"wp:term":[{"taxonomy":"product_brand","embeddable":true,"href":"https:\/\/mielmalaki.com\/index.php\/wp-json\/wp\/v2\/product_brand?post=18"},{"taxonomy":"product_cat","embeddable":true,"href":"https:\/\/mielmalaki.com\/index.php\/wp-json\/wp\/v2\/product_cat?post=18"},{"taxonomy":"product_tag","embeddable":true,"href":"https:\/\/mielmalaki.com\/index.php\/wp-json\/wp\/v2\/product_tag?post=18"}],"curies":[{"name":"wp","href":"https:\/\/api.w.org\/{rel}","templated":true}]}}