{"id":419,"date":"2024-11-19T06:56:11","date_gmt":"2024-11-19T05:56:11","guid":{"rendered":"https:\/\/mielmalaki.com\/?post_type=product&#038;p=419"},"modified":"2026-04-12T18:17:31","modified_gmt":"2026-04-12T16:17:31","slug":"miel-de-thym-nigelle","status":"publish","type":"product","link":"https:\/\/mielmalaki.com\/index.php\/product\/miel-de-thym-nigelle\/","title":{"rendered":"Miel de Thym\/Nigelle"},"content":{"rendered":"<p>D\u00e9couvrez notre <strong>miel de thym et nigelle<\/strong>, une alliance exceptionnelle entre deux tr\u00e9sors de la nature. Ce miel rare et savoureux allie les bienfaits reconnus du <strong>thym<\/strong> et de la <strong>nigelle<\/strong> pour offrir un produit aux vertus exceptionnelles, aussi d\u00e9licieux qu\u2019efficace.<\/p>\n<p><strong>Caract\u00e9ristiques :<\/strong><\/p>\n<p>\u2022<strong>Origine naturelle<\/strong> : Issu de fleurs de thym s\u00e9lectionn\u00e9es et enrichi en graines de nigelle (habba sawda).<\/p>\n<p>\u2022<strong>Texture et go\u00fbt<\/strong> : Une texture cr\u00e9meuse et agr\u00e9able avec une saveur riche, l\u00e9g\u00e8rement bois\u00e9e, et des notes subtiles d\u2019\u00e9pices gr\u00e2ce \u00e0 la nigelle.<\/p>\n<p>\u2022<strong>Bienfaits<\/strong> :<\/p>\n<p>\u2022<strong>Thym<\/strong> : Connu pour ses propri\u00e9t\u00e9s antiseptiques et ses vertus apaisantes sur les voies respiratoires.<\/p>\n<p>\u2022<strong>Nigelle<\/strong> : R\u00e9put\u00e9e pour renforcer l\u2019immunit\u00e9 et ses vertus antioxydantes.<\/p>\n<p>\u2022\tUn duo id\u00e9al pour combattre les petits maux de l\u2019hiver, am\u00e9liorer la digestion et revitaliser le corps.<\/p>\n<p><strong>Utilisation :<\/strong><\/p>\n<p>\u2022\t\u00c0 d\u00e9guster pur, \u00e0 la cuill\u00e8re en bois, pour profiter pleinement de ses bienfaits.<\/p>\n<p>\u2022\t\u00c0 int\u00e9grer dans vos boissons chaudes, yaourts ou pr\u00e9parations culinaires pour un apport sain et naturel.<\/p>\n<p><strong>MIEL MALAKI<\/strong>, c\u2019est l\u2019exigence d\u2019un miel de qualit\u00e9, r\u00e9colt\u00e9 avec soin pour vous offrir le meilleur de la nature.<\/p>\n<p><strong>Poids disponible :<\/strong> 250g \/ 500g<\/p>\n<p><strong>Conditionnement :<\/strong> Pot en verre pour pr\u00e9server toutes les qualit\u00e9s du miel.<\/p>\n<p>Offrez-vous une exp\u00e9rience unique avec ce miel aux multiples bienfaits. Un indispensable pour votre bien-\u00eatre au quotidien.<\/p>\n","protected":false},"excerpt":{"rendered":"<p>D\u00e9couvrez notre miel de thym et nigelle, une alliance exceptionnelle entre deux tr\u00e9sors de la nature. Ce miel rare et savoureux allie les bienfaits reconnus du thym et de la nigelle pour offrir un produit aux vertus exceptionnelles, aussi d\u00e9licieux qu\u2019efficace. Caract\u00e9ristiques : \u2022Origine naturelle : Issu de fleurs de thym s\u00e9lectionn\u00e9es et enrichi en [&hellip;]<\/p>\n","protected":false},"featured_media":534,"comment_status":"open","ping_status":"closed","template":"","meta":{"_monsterinsights_skip_tracking":false,"_monsterinsights_sitenote_active":false,"_monsterinsights_sitenote_note":"","_monsterinsights_sitenote_category":0},"product_brand":[],"product_cat":[25],"product_tag":[],"class_list":{"0":"post-419","1":"product","2":"type-product","3":"status-publish","4":"has-post-thumbnail","6":"product_cat-creations","8":"entry","9":"has-media","11":"first","12":"instock","13":"purchasable","14":"product-type-simple","15":"has-product-nav","16":"col","17":"span_1_of_3","18":"owp-content-center","19":"owp-thumbs-layout-horizontal","20":"owp-btn-normal","21":"owp-tabs-layout-horizontal","22":"has-no-thumbnails"},"yoast_head":"<!-- This site is optimized with the Yoast SEO plugin v27.4 - https:\/\/yoast.com\/product\/yoast-seo-wordpress\/ -->\n<title>Miel de Thym\/Nigelle - mielmalaki.com<\/title>\n<meta name=\"robots\" content=\"index, follow, max-snippet:-1, max-image-preview:large, max-video-preview:-1\" \/>\n<link rel=\"canonical\" href=\"https:\/\/mielmalaki.com\/index.php\/product\/miel-de-thym-nigelle\/\" \/>\n<meta property=\"og:locale\" content=\"en_US\" \/>\n<meta property=\"og:type\" content=\"article\" \/>\n<meta property=\"og:title\" content=\"Miel de Thym\/Nigelle - mielmalaki.com\" \/>\n<meta property=\"og:description\" content=\"D\u00e9couvrez notre miel de thym et nigelle, une alliance exceptionnelle entre deux tr\u00e9sors de la nature. Ce miel rare et savoureux allie les bienfaits reconnus du thym et de la nigelle pour offrir un produit aux vertus exceptionnelles, aussi d\u00e9licieux qu\u2019efficace. Caract\u00e9ristiques : \u2022Origine naturelle : Issu de fleurs de thym s\u00e9lectionn\u00e9es et enrichi en [&hellip;]\" \/>\n<meta property=\"og:url\" content=\"https:\/\/mielmalaki.com\/index.php\/product\/miel-de-thym-nigelle\/\" \/>\n<meta property=\"og:site_name\" content=\"mielmalaki.com\" \/>\n<meta property=\"article:modified_time\" content=\"2026-04-12T16:17:31+00:00\" \/>\n<meta name=\"twitter:card\" content=\"summary_large_image\" \/>\n<meta name=\"twitter:label1\" content=\"Est. reading time\" \/>\n\t<meta name=\"twitter:data1\" content=\"1 minute\" \/>\n<script type=\"application\/ld+json\" class=\"yoast-schema-graph\">{\"@context\":\"https:\\\/\\\/schema.org\",\"@graph\":[{\"@type\":\"WebPage\",\"@id\":\"https:\\\/\\\/mielmalaki.com\\\/index.php\\\/product\\\/miel-de-thym-nigelle\\\/\",\"url\":\"https:\\\/\\\/mielmalaki.com\\\/index.php\\\/product\\\/miel-de-thym-nigelle\\\/\",\"name\":\"Miel de Thym\\\/Nigelle - mielmalaki.com\",\"isPartOf\":{\"@id\":\"https:\\\/\\\/mielmalaki.com\\\/#website\"},\"primaryImageOfPage\":{\"@id\":\"https:\\\/\\\/mielmalaki.com\\\/index.php\\\/product\\\/miel-de-thym-nigelle\\\/#primaryimage\"},\"image\":{\"@id\":\"https:\\\/\\\/mielmalaki.com\\\/index.php\\\/product\\\/miel-de-thym-nigelle\\\/#primaryimage\"},\"thumbnailUrl\":\"https:\\\/\\\/mielmalaki.com\\\/wp-content\\\/uploads\\\/2024\\\/11\\\/35d3c5f0-63e5-4c06-a900-7a2a61a8778f.jpeg\",\"datePublished\":\"2024-11-19T05:56:11+00:00\",\"dateModified\":\"2026-04-12T16:17:31+00:00\",\"breadcrumb\":{\"@id\":\"https:\\\/\\\/mielmalaki.com\\\/index.php\\\/product\\\/miel-de-thym-nigelle\\\/#breadcrumb\"},\"inLanguage\":\"en-US\",\"potentialAction\":[{\"@type\":\"ReadAction\",\"target\":[\"https:\\\/\\\/mielmalaki.com\\\/index.php\\\/product\\\/miel-de-thym-nigelle\\\/\"]}]},{\"@type\":\"ImageObject\",\"inLanguage\":\"en-US\",\"@id\":\"https:\\\/\\\/mielmalaki.com\\\/index.php\\\/product\\\/miel-de-thym-nigelle\\\/#primaryimage\",\"url\":\"https:\\\/\\\/mielmalaki.com\\\/wp-content\\\/uploads\\\/2024\\\/11\\\/35d3c5f0-63e5-4c06-a900-7a2a61a8778f.jpeg\",\"contentUrl\":\"https:\\\/\\\/mielmalaki.com\\\/wp-content\\\/uploads\\\/2024\\\/11\\\/35d3c5f0-63e5-4c06-a900-7a2a61a8778f.jpeg\",\"width\":1366,\"height\":2048},{\"@type\":\"BreadcrumbList\",\"@id\":\"https:\\\/\\\/mielmalaki.com\\\/index.php\\\/product\\\/miel-de-thym-nigelle\\\/#breadcrumb\",\"itemListElement\":[{\"@type\":\"ListItem\",\"position\":1,\"name\":\"Accueil\",\"item\":\"https:\\\/\\\/mielmalaki.com\\\/\"},{\"@type\":\"ListItem\",\"position\":2,\"name\":\"Shop\",\"item\":\"https:\\\/\\\/mielmalaki.com\\\/index.php\\\/shop\\\/\"},{\"@type\":\"ListItem\",\"position\":3,\"name\":\"Miel de Thym\\\/Nigelle\"}]},{\"@type\":\"WebSite\",\"@id\":\"https:\\\/\\\/mielmalaki.com\\\/#website\",\"url\":\"https:\\\/\\\/mielmalaki.com\\\/\",\"name\":\"mielmalaki.com\",\"description\":\"\",\"publisher\":{\"@id\":\"https:\\\/\\\/mielmalaki.com\\\/#organization\"},\"potentialAction\":[{\"@type\":\"SearchAction\",\"target\":{\"@type\":\"EntryPoint\",\"urlTemplate\":\"https:\\\/\\\/mielmalaki.com\\\/?s={search_term_string}\"},\"query-input\":{\"@type\":\"PropertyValueSpecification\",\"valueRequired\":true,\"valueName\":\"search_term_string\"}}],\"inLanguage\":\"en-US\"},{\"@type\":\"Organization\",\"@id\":\"https:\\\/\\\/mielmalaki.com\\\/#organization\",\"name\":\"mielmalaki.com\",\"url\":\"https:\\\/\\\/mielmalaki.com\\\/\",\"logo\":{\"@type\":\"ImageObject\",\"inLanguage\":\"en-US\",\"@id\":\"https:\\\/\\\/mielmalaki.com\\\/#\\\/schema\\\/logo\\\/image\\\/\",\"url\":\"https:\\\/\\\/mielmalaki.com\\\/wp-content\\\/uploads\\\/2024\\\/06\\\/cropped-logo-miel-2.png\",\"contentUrl\":\"https:\\\/\\\/mielmalaki.com\\\/wp-content\\\/uploads\\\/2024\\\/06\\\/cropped-logo-miel-2.png\",\"width\":637,\"height\":281,\"caption\":\"mielmalaki.com\"},\"image\":{\"@id\":\"https:\\\/\\\/mielmalaki.com\\\/#\\\/schema\\\/logo\\\/image\\\/\"}}]}<\/script>\n<!-- \/ Yoast SEO plugin. -->","yoast_head_json":{"title":"Miel de Thym\/Nigelle - mielmalaki.com","robots":{"index":"index","follow":"follow","max-snippet":"max-snippet:-1","max-image-preview":"max-image-preview:large","max-video-preview":"max-video-preview:-1"},"canonical":"https:\/\/mielmalaki.com\/index.php\/product\/miel-de-thym-nigelle\/","og_locale":"en_US","og_type":"article","og_title":"Miel de Thym\/Nigelle - mielmalaki.com","og_description":"D\u00e9couvrez notre miel de thym et nigelle, une alliance exceptionnelle entre deux tr\u00e9sors de la nature. Ce miel rare et savoureux allie les bienfaits reconnus du thym et de la nigelle pour offrir un produit aux vertus exceptionnelles, aussi d\u00e9licieux qu\u2019efficace. Caract\u00e9ristiques : \u2022Origine naturelle : Issu de fleurs de thym s\u00e9lectionn\u00e9es et enrichi en [&hellip;]","og_url":"https:\/\/mielmalaki.com\/index.php\/product\/miel-de-thym-nigelle\/","og_site_name":"mielmalaki.com","article_modified_time":"2026-04-12T16:17:31+00:00","twitter_card":"summary_large_image","twitter_misc":{"Est. reading time":"1 minute"},"schema":{"@context":"https:\/\/schema.org","@graph":[{"@type":"WebPage","@id":"https:\/\/mielmalaki.com\/index.php\/product\/miel-de-thym-nigelle\/","url":"https:\/\/mielmalaki.com\/index.php\/product\/miel-de-thym-nigelle\/","name":"Miel de Thym\/Nigelle - mielmalaki.com","isPartOf":{"@id":"https:\/\/mielmalaki.com\/#website"},"primaryImageOfPage":{"@id":"https:\/\/mielmalaki.com\/index.php\/product\/miel-de-thym-nigelle\/#primaryimage"},"image":{"@id":"https:\/\/mielmalaki.com\/index.php\/product\/miel-de-thym-nigelle\/#primaryimage"},"thumbnailUrl":"https:\/\/mielmalaki.com\/wp-content\/uploads\/2024\/11\/35d3c5f0-63e5-4c06-a900-7a2a61a8778f.jpeg","datePublished":"2024-11-19T05:56:11+00:00","dateModified":"2026-04-12T16:17:31+00:00","breadcrumb":{"@id":"https:\/\/mielmalaki.com\/index.php\/product\/miel-de-thym-nigelle\/#breadcrumb"},"inLanguage":"en-US","potentialAction":[{"@type":"ReadAction","target":["https:\/\/mielmalaki.com\/index.php\/product\/miel-de-thym-nigelle\/"]}]},{"@type":"ImageObject","inLanguage":"en-US","@id":"https:\/\/mielmalaki.com\/index.php\/product\/miel-de-thym-nigelle\/#primaryimage","url":"https:\/\/mielmalaki.com\/wp-content\/uploads\/2024\/11\/35d3c5f0-63e5-4c06-a900-7a2a61a8778f.jpeg","contentUrl":"https:\/\/mielmalaki.com\/wp-content\/uploads\/2024\/11\/35d3c5f0-63e5-4c06-a900-7a2a61a8778f.jpeg","width":1366,"height":2048},{"@type":"BreadcrumbList","@id":"https:\/\/mielmalaki.com\/index.php\/product\/miel-de-thym-nigelle\/#breadcrumb","itemListElement":[{"@type":"ListItem","position":1,"name":"Accueil","item":"https:\/\/mielmalaki.com\/"},{"@type":"ListItem","position":2,"name":"Shop","item":"https:\/\/mielmalaki.com\/index.php\/shop\/"},{"@type":"ListItem","position":3,"name":"Miel de Thym\/Nigelle"}]},{"@type":"WebSite","@id":"https:\/\/mielmalaki.com\/#website","url":"https:\/\/mielmalaki.com\/","name":"mielmalaki.com","description":"","publisher":{"@id":"https:\/\/mielmalaki.com\/#organization"},"potentialAction":[{"@type":"SearchAction","target":{"@type":"EntryPoint","urlTemplate":"https:\/\/mielmalaki.com\/?s={search_term_string}"},"query-input":{"@type":"PropertyValueSpecification","valueRequired":true,"valueName":"search_term_string"}}],"inLanguage":"en-US"},{"@type":"Organization","@id":"https:\/\/mielmalaki.com\/#organization","name":"mielmalaki.com","url":"https:\/\/mielmalaki.com\/","logo":{"@type":"ImageObject","inLanguage":"en-US","@id":"https:\/\/mielmalaki.com\/#\/schema\/logo\/image\/","url":"https:\/\/mielmalaki.com\/wp-content\/uploads\/2024\/06\/cropped-logo-miel-2.png","contentUrl":"https:\/\/mielmalaki.com\/wp-content\/uploads\/2024\/06\/cropped-logo-miel-2.png","width":637,"height":281,"caption":"mielmalaki.com"},"image":{"@id":"https:\/\/mielmalaki.com\/#\/schema\/logo\/image\/"}}]}},"jetpack_sharing_enabled":true,"_links":{"self":[{"href":"https:\/\/mielmalaki.com\/index.php\/wp-json\/wp\/v2\/product\/419","targetHints":{"allow":["GET"]}}],"collection":[{"href":"https:\/\/mielmalaki.com\/index.php\/wp-json\/wp\/v2\/product"}],"about":[{"href":"https:\/\/mielmalaki.com\/index.php\/wp-json\/wp\/v2\/types\/product"}],"replies":[{"embeddable":true,"href":"https:\/\/mielmalaki.com\/index.php\/wp-json\/wp\/v2\/comments?post=419"}],"wp:featuredmedia":[{"embeddable":true,"href":"https:\/\/mielmalaki.com\/index.php\/wp-json\/wp\/v2\/media\/534"}],"wp:attachment":[{"href":"https:\/\/mielmalaki.com\/index.php\/wp-json\/wp\/v2\/media?parent=419"}],"wp:term":[{"taxonomy":"product_brand","embeddable":true,"href":"https:\/\/mielmalaki.com\/index.php\/wp-json\/wp\/v2\/product_brand?post=419"},{"taxonomy":"product_cat","embeddable":true,"href":"https:\/\/mielmalaki.com\/index.php\/wp-json\/wp\/v2\/product_cat?post=419"},{"taxonomy":"product_tag","embeddable":true,"href":"https:\/\/mielmalaki.com\/index.php\/wp-json\/wp\/v2\/product_tag?post=419"}],"curies":[{"name":"wp","href":"https:\/\/api.w.org\/{rel}","templated":true}]}}