{"id":426,"date":"2024-11-25T20:31:28","date_gmt":"2024-11-25T19:31:28","guid":{"rendered":"https:\/\/mielmalaki.com\/?post_type=product&#038;p=426"},"modified":"2025-10-07T15:08:33","modified_gmt":"2025-10-07T13:08:33","slug":"miel-citron-gingembre","status":"publish","type":"product","link":"https:\/\/mielmalaki.com\/index.php\/product\/miel-citron-gingembre\/","title":{"rendered":"Miel Citron\/Gingembre"},"content":{"rendered":"<p>Miel Citron Gingembre \u2013 Miel Malaki<\/p>\n<p>Un m\u00e9lange tonique et naturellement puissant ! Notre miel citron gingembre associe la douceur du miel pur aux vertus stimulantes du gingembre et \u00e0 la fra\u00eecheur acidul\u00e9e du citron. Id\u00e9al pour renforcer l\u2019immunit\u00e9, apaiser la gorge ou simplement agr\u00e9menter vos infusions avec une touche gourmande et bienfaisante.<\/p>\n","protected":false},"excerpt":{"rendered":"<p>Miel Citron Gingembre \u2013 Miel Malaki Un m\u00e9lange tonique et naturellement puissant ! Notre miel citron gingembre associe la douceur du miel pur aux vertus stimulantes du gingembre et \u00e0 la fra\u00eecheur acidul\u00e9e du citron. Id\u00e9al pour renforcer l\u2019immunit\u00e9, apaiser la gorge ou simplement agr\u00e9menter vos infusions avec une touche gourmande et bienfaisante.<\/p>\n","protected":false},"featured_media":538,"comment_status":"open","ping_status":"closed","template":"","meta":{"_monsterinsights_skip_tracking":false,"_monsterinsights_sitenote_active":false,"_monsterinsights_sitenote_note":"","_monsterinsights_sitenote_category":0},"product_brand":[],"product_cat":[25],"product_tag":[],"class_list":{"0":"post-426","1":"product","2":"type-product","3":"status-publish","4":"has-post-thumbnail","6":"product_cat-creations","8":"entry","9":"has-media","11":"first","12":"instock","13":"sale","14":"purchasable","15":"product-type-simple","16":"has-product-nav","17":"col","18":"span_1_of_3","19":"owp-content-center","20":"owp-thumbs-layout-horizontal","21":"owp-btn-normal","22":"owp-tabs-layout-horizontal","23":"has-no-thumbnails"},"yoast_head":"<!-- This site is optimized with the Yoast SEO plugin v27.4 - https:\/\/yoast.com\/product\/yoast-seo-wordpress\/ -->\n<title>Miel Citron\/Gingembre - mielmalaki.com<\/title>\n<meta name=\"robots\" content=\"index, follow, max-snippet:-1, max-image-preview:large, max-video-preview:-1\" \/>\n<link rel=\"canonical\" href=\"https:\/\/mielmalaki.com\/index.php\/product\/miel-citron-gingembre\/\" \/>\n<meta property=\"og:locale\" content=\"en_US\" \/>\n<meta property=\"og:type\" content=\"article\" \/>\n<meta property=\"og:title\" content=\"Miel Citron\/Gingembre - mielmalaki.com\" \/>\n<meta property=\"og:description\" content=\"Miel Citron Gingembre \u2013 Miel Malaki Un m\u00e9lange tonique et naturellement puissant ! Notre miel citron gingembre associe la douceur du miel pur aux vertus stimulantes du gingembre et \u00e0 la fra\u00eecheur acidul\u00e9e du citron. Id\u00e9al pour renforcer l\u2019immunit\u00e9, apaiser la gorge ou simplement agr\u00e9menter vos infusions avec une touche gourmande et bienfaisante.\" \/>\n<meta property=\"og:url\" content=\"https:\/\/mielmalaki.com\/index.php\/product\/miel-citron-gingembre\/\" \/>\n<meta property=\"og:site_name\" content=\"mielmalaki.com\" \/>\n<meta property=\"article:modified_time\" content=\"2025-10-07T13:08:33+00:00\" \/>\n<meta property=\"og:image\" content=\"https:\/\/mielmalaki.com\/wp-content\/uploads\/2024\/11\/14e182d3-dbe7-48d3-91a8-6f0655a6988c.jpeg\" \/>\n\t<meta property=\"og:image:width\" content=\"1024\" \/>\n\t<meta property=\"og:image:height\" content=\"1024\" \/>\n\t<meta property=\"og:image:type\" content=\"image\/jpeg\" \/>\n<meta name=\"twitter:card\" content=\"summary_large_image\" \/>\n<script type=\"application\/ld+json\" class=\"yoast-schema-graph\">{\"@context\":\"https:\\\/\\\/schema.org\",\"@graph\":[{\"@type\":\"WebPage\",\"@id\":\"https:\\\/\\\/mielmalaki.com\\\/index.php\\\/product\\\/miel-citron-gingembre\\\/\",\"url\":\"https:\\\/\\\/mielmalaki.com\\\/index.php\\\/product\\\/miel-citron-gingembre\\\/\",\"name\":\"Miel Citron\\\/Gingembre - mielmalaki.com\",\"isPartOf\":{\"@id\":\"https:\\\/\\\/mielmalaki.com\\\/#website\"},\"primaryImageOfPage\":{\"@id\":\"https:\\\/\\\/mielmalaki.com\\\/index.php\\\/product\\\/miel-citron-gingembre\\\/#primaryimage\"},\"image\":{\"@id\":\"https:\\\/\\\/mielmalaki.com\\\/index.php\\\/product\\\/miel-citron-gingembre\\\/#primaryimage\"},\"thumbnailUrl\":\"https:\\\/\\\/mielmalaki.com\\\/wp-content\\\/uploads\\\/2024\\\/11\\\/659771e9-1c64-49fa-bac5-30bd7c88a07c.jpeg\",\"datePublished\":\"2024-11-25T19:31:28+00:00\",\"dateModified\":\"2025-10-07T13:08:33+00:00\",\"breadcrumb\":{\"@id\":\"https:\\\/\\\/mielmalaki.com\\\/index.php\\\/product\\\/miel-citron-gingembre\\\/#breadcrumb\"},\"inLanguage\":\"en-US\",\"potentialAction\":[{\"@type\":\"ReadAction\",\"target\":[\"https:\\\/\\\/mielmalaki.com\\\/index.php\\\/product\\\/miel-citron-gingembre\\\/\"]}]},{\"@type\":\"ImageObject\",\"inLanguage\":\"en-US\",\"@id\":\"https:\\\/\\\/mielmalaki.com\\\/index.php\\\/product\\\/miel-citron-gingembre\\\/#primaryimage\",\"url\":\"https:\\\/\\\/mielmalaki.com\\\/wp-content\\\/uploads\\\/2024\\\/11\\\/659771e9-1c64-49fa-bac5-30bd7c88a07c.jpeg\",\"contentUrl\":\"https:\\\/\\\/mielmalaki.com\\\/wp-content\\\/uploads\\\/2024\\\/11\\\/659771e9-1c64-49fa-bac5-30bd7c88a07c.jpeg\",\"width\":1366,\"height\":2048},{\"@type\":\"BreadcrumbList\",\"@id\":\"https:\\\/\\\/mielmalaki.com\\\/index.php\\\/product\\\/miel-citron-gingembre\\\/#breadcrumb\",\"itemListElement\":[{\"@type\":\"ListItem\",\"position\":1,\"name\":\"Accueil\",\"item\":\"https:\\\/\\\/mielmalaki.com\\\/\"},{\"@type\":\"ListItem\",\"position\":2,\"name\":\"Shop\",\"item\":\"https:\\\/\\\/mielmalaki.com\\\/index.php\\\/shop\\\/\"},{\"@type\":\"ListItem\",\"position\":3,\"name\":\"Miel Citron\\\/Gingembre\"}]},{\"@type\":\"WebSite\",\"@id\":\"https:\\\/\\\/mielmalaki.com\\\/#website\",\"url\":\"https:\\\/\\\/mielmalaki.com\\\/\",\"name\":\"mielmalaki.com\",\"description\":\"\",\"publisher\":{\"@id\":\"https:\\\/\\\/mielmalaki.com\\\/#organization\"},\"potentialAction\":[{\"@type\":\"SearchAction\",\"target\":{\"@type\":\"EntryPoint\",\"urlTemplate\":\"https:\\\/\\\/mielmalaki.com\\\/?s={search_term_string}\"},\"query-input\":{\"@type\":\"PropertyValueSpecification\",\"valueRequired\":true,\"valueName\":\"search_term_string\"}}],\"inLanguage\":\"en-US\"},{\"@type\":\"Organization\",\"@id\":\"https:\\\/\\\/mielmalaki.com\\\/#organization\",\"name\":\"mielmalaki.com\",\"url\":\"https:\\\/\\\/mielmalaki.com\\\/\",\"logo\":{\"@type\":\"ImageObject\",\"inLanguage\":\"en-US\",\"@id\":\"https:\\\/\\\/mielmalaki.com\\\/#\\\/schema\\\/logo\\\/image\\\/\",\"url\":\"https:\\\/\\\/mielmalaki.com\\\/wp-content\\\/uploads\\\/2024\\\/06\\\/cropped-logo-miel-2.png\",\"contentUrl\":\"https:\\\/\\\/mielmalaki.com\\\/wp-content\\\/uploads\\\/2024\\\/06\\\/cropped-logo-miel-2.png\",\"width\":637,\"height\":281,\"caption\":\"mielmalaki.com\"},\"image\":{\"@id\":\"https:\\\/\\\/mielmalaki.com\\\/#\\\/schema\\\/logo\\\/image\\\/\"}}]}<\/script>\n<!-- \/ Yoast SEO plugin. -->","yoast_head_json":{"title":"Miel Citron\/Gingembre - mielmalaki.com","robots":{"index":"index","follow":"follow","max-snippet":"max-snippet:-1","max-image-preview":"max-image-preview:large","max-video-preview":"max-video-preview:-1"},"canonical":"https:\/\/mielmalaki.com\/index.php\/product\/miel-citron-gingembre\/","og_locale":"en_US","og_type":"article","og_title":"Miel Citron\/Gingembre - mielmalaki.com","og_description":"Miel Citron Gingembre \u2013 Miel Malaki Un m\u00e9lange tonique et naturellement puissant ! Notre miel citron gingembre associe la douceur du miel pur aux vertus stimulantes du gingembre et \u00e0 la fra\u00eecheur acidul\u00e9e du citron. Id\u00e9al pour renforcer l\u2019immunit\u00e9, apaiser la gorge ou simplement agr\u00e9menter vos infusions avec une touche gourmande et bienfaisante.","og_url":"https:\/\/mielmalaki.com\/index.php\/product\/miel-citron-gingembre\/","og_site_name":"mielmalaki.com","article_modified_time":"2025-10-07T13:08:33+00:00","og_image":[{"width":1024,"height":1024,"url":"https:\/\/mielmalaki.com\/wp-content\/uploads\/2024\/11\/14e182d3-dbe7-48d3-91a8-6f0655a6988c.jpeg","type":"image\/jpeg"}],"twitter_card":"summary_large_image","schema":{"@context":"https:\/\/schema.org","@graph":[{"@type":"WebPage","@id":"https:\/\/mielmalaki.com\/index.php\/product\/miel-citron-gingembre\/","url":"https:\/\/mielmalaki.com\/index.php\/product\/miel-citron-gingembre\/","name":"Miel Citron\/Gingembre - mielmalaki.com","isPartOf":{"@id":"https:\/\/mielmalaki.com\/#website"},"primaryImageOfPage":{"@id":"https:\/\/mielmalaki.com\/index.php\/product\/miel-citron-gingembre\/#primaryimage"},"image":{"@id":"https:\/\/mielmalaki.com\/index.php\/product\/miel-citron-gingembre\/#primaryimage"},"thumbnailUrl":"https:\/\/mielmalaki.com\/wp-content\/uploads\/2024\/11\/659771e9-1c64-49fa-bac5-30bd7c88a07c.jpeg","datePublished":"2024-11-25T19:31:28+00:00","dateModified":"2025-10-07T13:08:33+00:00","breadcrumb":{"@id":"https:\/\/mielmalaki.com\/index.php\/product\/miel-citron-gingembre\/#breadcrumb"},"inLanguage":"en-US","potentialAction":[{"@type":"ReadAction","target":["https:\/\/mielmalaki.com\/index.php\/product\/miel-citron-gingembre\/"]}]},{"@type":"ImageObject","inLanguage":"en-US","@id":"https:\/\/mielmalaki.com\/index.php\/product\/miel-citron-gingembre\/#primaryimage","url":"https:\/\/mielmalaki.com\/wp-content\/uploads\/2024\/11\/659771e9-1c64-49fa-bac5-30bd7c88a07c.jpeg","contentUrl":"https:\/\/mielmalaki.com\/wp-content\/uploads\/2024\/11\/659771e9-1c64-49fa-bac5-30bd7c88a07c.jpeg","width":1366,"height":2048},{"@type":"BreadcrumbList","@id":"https:\/\/mielmalaki.com\/index.php\/product\/miel-citron-gingembre\/#breadcrumb","itemListElement":[{"@type":"ListItem","position":1,"name":"Accueil","item":"https:\/\/mielmalaki.com\/"},{"@type":"ListItem","position":2,"name":"Shop","item":"https:\/\/mielmalaki.com\/index.php\/shop\/"},{"@type":"ListItem","position":3,"name":"Miel Citron\/Gingembre"}]},{"@type":"WebSite","@id":"https:\/\/mielmalaki.com\/#website","url":"https:\/\/mielmalaki.com\/","name":"mielmalaki.com","description":"","publisher":{"@id":"https:\/\/mielmalaki.com\/#organization"},"potentialAction":[{"@type":"SearchAction","target":{"@type":"EntryPoint","urlTemplate":"https:\/\/mielmalaki.com\/?s={search_term_string}"},"query-input":{"@type":"PropertyValueSpecification","valueRequired":true,"valueName":"search_term_string"}}],"inLanguage":"en-US"},{"@type":"Organization","@id":"https:\/\/mielmalaki.com\/#organization","name":"mielmalaki.com","url":"https:\/\/mielmalaki.com\/","logo":{"@type":"ImageObject","inLanguage":"en-US","@id":"https:\/\/mielmalaki.com\/#\/schema\/logo\/image\/","url":"https:\/\/mielmalaki.com\/wp-content\/uploads\/2024\/06\/cropped-logo-miel-2.png","contentUrl":"https:\/\/mielmalaki.com\/wp-content\/uploads\/2024\/06\/cropped-logo-miel-2.png","width":637,"height":281,"caption":"mielmalaki.com"},"image":{"@id":"https:\/\/mielmalaki.com\/#\/schema\/logo\/image\/"}}]}},"jetpack_sharing_enabled":true,"_links":{"self":[{"href":"https:\/\/mielmalaki.com\/index.php\/wp-json\/wp\/v2\/product\/426","targetHints":{"allow":["GET"]}}],"collection":[{"href":"https:\/\/mielmalaki.com\/index.php\/wp-json\/wp\/v2\/product"}],"about":[{"href":"https:\/\/mielmalaki.com\/index.php\/wp-json\/wp\/v2\/types\/product"}],"replies":[{"embeddable":true,"href":"https:\/\/mielmalaki.com\/index.php\/wp-json\/wp\/v2\/comments?post=426"}],"wp:featuredmedia":[{"embeddable":true,"href":"https:\/\/mielmalaki.com\/index.php\/wp-json\/wp\/v2\/media\/538"}],"wp:attachment":[{"href":"https:\/\/mielmalaki.com\/index.php\/wp-json\/wp\/v2\/media?parent=426"}],"wp:term":[{"taxonomy":"product_brand","embeddable":true,"href":"https:\/\/mielmalaki.com\/index.php\/wp-json\/wp\/v2\/product_brand?post=426"},{"taxonomy":"product_cat","embeddable":true,"href":"https:\/\/mielmalaki.com\/index.php\/wp-json\/wp\/v2\/product_cat?post=426"},{"taxonomy":"product_tag","embeddable":true,"href":"https:\/\/mielmalaki.com\/index.php\/wp-json\/wp\/v2\/product_tag?post=426"}],"curies":[{"name":"wp","href":"https:\/\/api.w.org\/{rel}","templated":true}]}}