{"id":537,"date":"2025-10-07T15:07:11","date_gmt":"2025-10-07T13:07:11","guid":{"rendered":"https:\/\/mielmalaki.com\/index.php\/product\/huile-de-nigelle-habashia-dethiopie\/"},"modified":"2025-10-09T15:13:42","modified_gmt":"2025-10-09T13:13:42","slug":"huile-de-nigelle-habashia-dethiopie","status":"publish","type":"product","link":"https:\/\/mielmalaki.com\/index.php\/product\/huile-de-nigelle-habashia-dethiopie\/","title":{"rendered":"Huile de Nigelle Habashia d\u2019\u00c9thiopie"},"content":{"rendered":"<p>L\u2019or noir aux vertus exceptionnelles<\/p>\n<p>Puissante, pure et rare, notre huile de nigelle Habashia est extraite \u00e0 froid des meilleures graines d\u2019\u00c9thiopie.<\/p>\n<p>Riche en thymoquinone, elle agit comme un v\u00e9ritable \u00e9lixir naturel pour le corps, la peau et les cheveux.<\/p>\n<p>\ud83d\udcaa Renforce l\u2019immunit\u00e9<\/p>\n<p>\ud83c\udf38 Purifie la peau et lutte contre l\u2019acn\u00e9<\/p>\n<p>\ud83d\udc86\u200d\u2640\ufe0f Stimule la pousse des cheveux<\/p>\n<p>\ud83e\uddd8\u200d\u2642\ufe0f Apaise les douleurs et les inflammations<\/p>\n<p>100 % pure, naturelle et press\u00e9e \u00e0 froid, elle offre une concentration exceptionnelle en actifs pour un bien-\u00eatre total et durable.<\/p>\n<p>\ud83d\udc49 Choisissez l\u2019excellence \u00e9thiopienne \u2013 Habashia, la r\u00e9f\u00e9rence mondiale de la nigelle<\/p>\n","protected":false},"excerpt":{"rendered":"<p>L\u2019or noir aux vertus exceptionnelles Puissante, pure et rare, notre huile de nigelle Habashia est extraite \u00e0 froid des meilleures graines d\u2019\u00c9thiopie. Riche en thymoquinone, elle agit comme un v\u00e9ritable \u00e9lixir naturel pour le corps, la peau et les cheveux. \ud83d\udcaa Renforce l\u2019immunit\u00e9 \ud83c\udf38 Purifie la peau et lutte contre l\u2019acn\u00e9 \ud83d\udc86\u200d\u2640\ufe0f Stimule la pousse [&hellip;]<\/p>\n","protected":false},"featured_media":536,"comment_status":"open","ping_status":"closed","template":"","meta":{"_monsterinsights_skip_tracking":false,"_monsterinsights_sitenote_active":false,"_monsterinsights_sitenote_note":"","_monsterinsights_sitenote_category":0},"product_brand":[],"product_cat":[46],"product_tag":[],"class_list":{"0":"post-537","1":"product","2":"type-product","3":"status-publish","4":"has-post-thumbnail","6":"product_cat-huile-de-nigelle-habashia","8":"entry","9":"has-media","11":"first","12":"instock","13":"taxable","14":"shipping-taxable","15":"purchasable","16":"product-type-variable","17":"has-product-nav","18":"col","19":"span_1_of_3","20":"owp-content-center","21":"owp-thumbs-layout-horizontal","22":"owp-btn-normal","23":"owp-tabs-layout-horizontal","24":"has-no-thumbnails"},"yoast_head":"<!-- This site is optimized with the Yoast SEO plugin v27.5 - https:\/\/yoast.com\/product\/yoast-seo-wordpress\/ -->\n<title>Huile de Nigelle Habashia d\u2019\u00c9thiopie - mielmalaki.com<\/title>\n<meta name=\"robots\" content=\"index, follow, max-snippet:-1, max-image-preview:large, max-video-preview:-1\" \/>\n<link rel=\"canonical\" href=\"https:\/\/mielmalaki.com\/index.php\/product\/huile-de-nigelle-habashia-dethiopie\/\" \/>\n<meta property=\"og:locale\" content=\"en_US\" \/>\n<meta property=\"og:type\" content=\"article\" \/>\n<meta property=\"og:title\" content=\"Huile de Nigelle Habashia d\u2019\u00c9thiopie - mielmalaki.com\" \/>\n<meta property=\"og:description\" content=\"L\u2019or noir aux vertus exceptionnelles Puissante, pure et rare, notre huile de nigelle Habashia est extraite \u00e0 froid des meilleures graines d\u2019\u00c9thiopie. Riche en thymoquinone, elle agit comme un v\u00e9ritable \u00e9lixir naturel pour le corps, la peau et les cheveux. \ud83d\udcaa Renforce l\u2019immunit\u00e9 \ud83c\udf38 Purifie la peau et lutte contre l\u2019acn\u00e9 \ud83d\udc86\u200d\u2640\ufe0f Stimule la pousse [&hellip;]\" \/>\n<meta property=\"og:url\" content=\"https:\/\/mielmalaki.com\/index.php\/product\/huile-de-nigelle-habashia-dethiopie\/\" \/>\n<meta property=\"og:site_name\" content=\"mielmalaki.com\" \/>\n<meta property=\"article:modified_time\" content=\"2025-10-09T13:13:42+00:00\" \/>\n<meta name=\"twitter:card\" content=\"summary_large_image\" \/>\n<script type=\"application\/ld+json\" class=\"yoast-schema-graph\">{\"@context\":\"https:\\\/\\\/schema.org\",\"@graph\":[{\"@type\":\"WebPage\",\"@id\":\"https:\\\/\\\/mielmalaki.com\\\/index.php\\\/product\\\/huile-de-nigelle-habashia-dethiopie\\\/\",\"url\":\"https:\\\/\\\/mielmalaki.com\\\/index.php\\\/product\\\/huile-de-nigelle-habashia-dethiopie\\\/\",\"name\":\"Huile de Nigelle Habashia d\u2019\u00c9thiopie - mielmalaki.com\",\"isPartOf\":{\"@id\":\"https:\\\/\\\/mielmalaki.com\\\/#website\"},\"primaryImageOfPage\":{\"@id\":\"https:\\\/\\\/mielmalaki.com\\\/index.php\\\/product\\\/huile-de-nigelle-habashia-dethiopie\\\/#primaryimage\"},\"image\":{\"@id\":\"https:\\\/\\\/mielmalaki.com\\\/index.php\\\/product\\\/huile-de-nigelle-habashia-dethiopie\\\/#primaryimage\"},\"thumbnailUrl\":\"https:\\\/\\\/mielmalaki.com\\\/wp-content\\\/uploads\\\/2025\\\/10\\\/305e1103-2807-44fc-8a7c-20f3138bf2f1.jpeg\",\"datePublished\":\"2025-10-07T13:07:11+00:00\",\"dateModified\":\"2025-10-09T13:13:42+00:00\",\"breadcrumb\":{\"@id\":\"https:\\\/\\\/mielmalaki.com\\\/index.php\\\/product\\\/huile-de-nigelle-habashia-dethiopie\\\/#breadcrumb\"},\"inLanguage\":\"en-US\",\"potentialAction\":[{\"@type\":\"ReadAction\",\"target\":[\"https:\\\/\\\/mielmalaki.com\\\/index.php\\\/product\\\/huile-de-nigelle-habashia-dethiopie\\\/\"]}]},{\"@type\":\"ImageObject\",\"inLanguage\":\"en-US\",\"@id\":\"https:\\\/\\\/mielmalaki.com\\\/index.php\\\/product\\\/huile-de-nigelle-habashia-dethiopie\\\/#primaryimage\",\"url\":\"https:\\\/\\\/mielmalaki.com\\\/wp-content\\\/uploads\\\/2025\\\/10\\\/305e1103-2807-44fc-8a7c-20f3138bf2f1.jpeg\",\"contentUrl\":\"https:\\\/\\\/mielmalaki.com\\\/wp-content\\\/uploads\\\/2025\\\/10\\\/305e1103-2807-44fc-8a7c-20f3138bf2f1.jpeg\",\"width\":1366,\"height\":2048},{\"@type\":\"BreadcrumbList\",\"@id\":\"https:\\\/\\\/mielmalaki.com\\\/index.php\\\/product\\\/huile-de-nigelle-habashia-dethiopie\\\/#breadcrumb\",\"itemListElement\":[{\"@type\":\"ListItem\",\"position\":1,\"name\":\"Accueil\",\"item\":\"https:\\\/\\\/mielmalaki.com\\\/\"},{\"@type\":\"ListItem\",\"position\":2,\"name\":\"Shop\",\"item\":\"https:\\\/\\\/mielmalaki.com\\\/index.php\\\/shop\\\/\"},{\"@type\":\"ListItem\",\"position\":3,\"name\":\"Huile de Nigelle Habashia d\u2019\u00c9thiopie\"}]},{\"@type\":\"WebSite\",\"@id\":\"https:\\\/\\\/mielmalaki.com\\\/#website\",\"url\":\"https:\\\/\\\/mielmalaki.com\\\/\",\"name\":\"mielmalaki.com\",\"description\":\"\",\"publisher\":{\"@id\":\"https:\\\/\\\/mielmalaki.com\\\/#organization\"},\"potentialAction\":[{\"@type\":\"SearchAction\",\"target\":{\"@type\":\"EntryPoint\",\"urlTemplate\":\"https:\\\/\\\/mielmalaki.com\\\/?s={search_term_string}\"},\"query-input\":{\"@type\":\"PropertyValueSpecification\",\"valueRequired\":true,\"valueName\":\"search_term_string\"}}],\"inLanguage\":\"en-US\"},{\"@type\":\"Organization\",\"@id\":\"https:\\\/\\\/mielmalaki.com\\\/#organization\",\"name\":\"mielmalaki.com\",\"url\":\"https:\\\/\\\/mielmalaki.com\\\/\",\"logo\":{\"@type\":\"ImageObject\",\"inLanguage\":\"en-US\",\"@id\":\"https:\\\/\\\/mielmalaki.com\\\/#\\\/schema\\\/logo\\\/image\\\/\",\"url\":\"https:\\\/\\\/mielmalaki.com\\\/wp-content\\\/uploads\\\/2024\\\/06\\\/cropped-logo-miel-2.png\",\"contentUrl\":\"https:\\\/\\\/mielmalaki.com\\\/wp-content\\\/uploads\\\/2024\\\/06\\\/cropped-logo-miel-2.png\",\"width\":637,\"height\":281,\"caption\":\"mielmalaki.com\"},\"image\":{\"@id\":\"https:\\\/\\\/mielmalaki.com\\\/#\\\/schema\\\/logo\\\/image\\\/\"}}]}<\/script>\n<!-- \/ Yoast SEO plugin. -->","yoast_head_json":{"title":"Huile de Nigelle Habashia d\u2019\u00c9thiopie - mielmalaki.com","robots":{"index":"index","follow":"follow","max-snippet":"max-snippet:-1","max-image-preview":"max-image-preview:large","max-video-preview":"max-video-preview:-1"},"canonical":"https:\/\/mielmalaki.com\/index.php\/product\/huile-de-nigelle-habashia-dethiopie\/","og_locale":"en_US","og_type":"article","og_title":"Huile de Nigelle Habashia d\u2019\u00c9thiopie - mielmalaki.com","og_description":"L\u2019or noir aux vertus exceptionnelles Puissante, pure et rare, notre huile de nigelle Habashia est extraite \u00e0 froid des meilleures graines d\u2019\u00c9thiopie. Riche en thymoquinone, elle agit comme un v\u00e9ritable \u00e9lixir naturel pour le corps, la peau et les cheveux. \ud83d\udcaa Renforce l\u2019immunit\u00e9 \ud83c\udf38 Purifie la peau et lutte contre l\u2019acn\u00e9 \ud83d\udc86\u200d\u2640\ufe0f Stimule la pousse [&hellip;]","og_url":"https:\/\/mielmalaki.com\/index.php\/product\/huile-de-nigelle-habashia-dethiopie\/","og_site_name":"mielmalaki.com","article_modified_time":"2025-10-09T13:13:42+00:00","twitter_card":"summary_large_image","schema":{"@context":"https:\/\/schema.org","@graph":[{"@type":"WebPage","@id":"https:\/\/mielmalaki.com\/index.php\/product\/huile-de-nigelle-habashia-dethiopie\/","url":"https:\/\/mielmalaki.com\/index.php\/product\/huile-de-nigelle-habashia-dethiopie\/","name":"Huile de Nigelle Habashia d\u2019\u00c9thiopie - mielmalaki.com","isPartOf":{"@id":"https:\/\/mielmalaki.com\/#website"},"primaryImageOfPage":{"@id":"https:\/\/mielmalaki.com\/index.php\/product\/huile-de-nigelle-habashia-dethiopie\/#primaryimage"},"image":{"@id":"https:\/\/mielmalaki.com\/index.php\/product\/huile-de-nigelle-habashia-dethiopie\/#primaryimage"},"thumbnailUrl":"https:\/\/mielmalaki.com\/wp-content\/uploads\/2025\/10\/305e1103-2807-44fc-8a7c-20f3138bf2f1.jpeg","datePublished":"2025-10-07T13:07:11+00:00","dateModified":"2025-10-09T13:13:42+00:00","breadcrumb":{"@id":"https:\/\/mielmalaki.com\/index.php\/product\/huile-de-nigelle-habashia-dethiopie\/#breadcrumb"},"inLanguage":"en-US","potentialAction":[{"@type":"ReadAction","target":["https:\/\/mielmalaki.com\/index.php\/product\/huile-de-nigelle-habashia-dethiopie\/"]}]},{"@type":"ImageObject","inLanguage":"en-US","@id":"https:\/\/mielmalaki.com\/index.php\/product\/huile-de-nigelle-habashia-dethiopie\/#primaryimage","url":"https:\/\/mielmalaki.com\/wp-content\/uploads\/2025\/10\/305e1103-2807-44fc-8a7c-20f3138bf2f1.jpeg","contentUrl":"https:\/\/mielmalaki.com\/wp-content\/uploads\/2025\/10\/305e1103-2807-44fc-8a7c-20f3138bf2f1.jpeg","width":1366,"height":2048},{"@type":"BreadcrumbList","@id":"https:\/\/mielmalaki.com\/index.php\/product\/huile-de-nigelle-habashia-dethiopie\/#breadcrumb","itemListElement":[{"@type":"ListItem","position":1,"name":"Accueil","item":"https:\/\/mielmalaki.com\/"},{"@type":"ListItem","position":2,"name":"Shop","item":"https:\/\/mielmalaki.com\/index.php\/shop\/"},{"@type":"ListItem","position":3,"name":"Huile de Nigelle Habashia d\u2019\u00c9thiopie"}]},{"@type":"WebSite","@id":"https:\/\/mielmalaki.com\/#website","url":"https:\/\/mielmalaki.com\/","name":"mielmalaki.com","description":"","publisher":{"@id":"https:\/\/mielmalaki.com\/#organization"},"potentialAction":[{"@type":"SearchAction","target":{"@type":"EntryPoint","urlTemplate":"https:\/\/mielmalaki.com\/?s={search_term_string}"},"query-input":{"@type":"PropertyValueSpecification","valueRequired":true,"valueName":"search_term_string"}}],"inLanguage":"en-US"},{"@type":"Organization","@id":"https:\/\/mielmalaki.com\/#organization","name":"mielmalaki.com","url":"https:\/\/mielmalaki.com\/","logo":{"@type":"ImageObject","inLanguage":"en-US","@id":"https:\/\/mielmalaki.com\/#\/schema\/logo\/image\/","url":"https:\/\/mielmalaki.com\/wp-content\/uploads\/2024\/06\/cropped-logo-miel-2.png","contentUrl":"https:\/\/mielmalaki.com\/wp-content\/uploads\/2024\/06\/cropped-logo-miel-2.png","width":637,"height":281,"caption":"mielmalaki.com"},"image":{"@id":"https:\/\/mielmalaki.com\/#\/schema\/logo\/image\/"}}]}},"jetpack_sharing_enabled":true,"_links":{"self":[{"href":"https:\/\/mielmalaki.com\/index.php\/wp-json\/wp\/v2\/product\/537","targetHints":{"allow":["GET"]}}],"collection":[{"href":"https:\/\/mielmalaki.com\/index.php\/wp-json\/wp\/v2\/product"}],"about":[{"href":"https:\/\/mielmalaki.com\/index.php\/wp-json\/wp\/v2\/types\/product"}],"replies":[{"embeddable":true,"href":"https:\/\/mielmalaki.com\/index.php\/wp-json\/wp\/v2\/comments?post=537"}],"wp:featuredmedia":[{"embeddable":true,"href":"https:\/\/mielmalaki.com\/index.php\/wp-json\/wp\/v2\/media\/536"}],"wp:attachment":[{"href":"https:\/\/mielmalaki.com\/index.php\/wp-json\/wp\/v2\/media?parent=537"}],"wp:term":[{"taxonomy":"product_brand","embeddable":true,"href":"https:\/\/mielmalaki.com\/index.php\/wp-json\/wp\/v2\/product_brand?post=537"},{"taxonomy":"product_cat","embeddable":true,"href":"https:\/\/mielmalaki.com\/index.php\/wp-json\/wp\/v2\/product_cat?post=537"},{"taxonomy":"product_tag","embeddable":true,"href":"https:\/\/mielmalaki.com\/index.php\/wp-json\/wp\/v2\/product_tag?post=537"}],"curies":[{"name":"wp","href":"https:\/\/api.w.org\/{rel}","templated":true}]}}