{"id":571,"date":"2025-11-26T15:27:20","date_gmt":"2025-11-26T14:27:20","guid":{"rendered":"https:\/\/mielmalaki.com\/index.php\/product\/mielixir-dore-lelixir-precieux-de-miel-malaki\/"},"modified":"2025-11-26T15:27:22","modified_gmt":"2025-11-26T14:27:22","slug":"mielixir-dore-lelixir-precieux-de-miel-malaki","status":"publish","type":"product","link":"https:\/\/mielmalaki.com\/index.php\/product\/mielixir-dore-lelixir-precieux-de-miel-malaki\/","title":{"rendered":"Mielixir Dor\u00e9 \u2013 L\u2019\u00e9lixir pr\u00e9cieux de MIEL MALAKI"},"content":{"rendered":"<p>D\u00e9couvrez une pr\u00e9paration d\u2019exception o\u00f9 la puissance des tr\u00e9sors de la ruche rencontre les vertus des \u00e9pices sacr\u00e9es.<\/p>\n<p>Mielixir Dor\u00e9 est une alliance raffin\u00e9e de miel premium enrichi en curcuma, poivre noir, gingembre, propolis, pollen et gel\u00e9e royale : une formule naturelle rare, concentr\u00e9e et vibrante.<\/p>\n<p>Un concentr\u00e9 de vitalit\u00e9<\/p>\n<p>Chaque cuill\u00e8re offre une synergie exceptionnelle :<\/p>\n<p>Curcuma &amp; poivre noir : un duo r\u00e9put\u00e9 depuis des si\u00e8cles pour son action stimulante et \u00e9quilibrante.<\/p>\n<p>Gingembre : tonus naturel, r\u00e9chauffant et dynamisant.<\/p>\n<p>Propolis : bouclier protecteur issu de la ruche.<\/p>\n<p>Pollen : source remarquable de nutriments et d\u2019\u00e9nergie.<\/p>\n<p>Gel\u00e9e royale : le tr\u00e9sor noble, symbole de force et de r\u00e9g\u00e9n\u00e9ration.<\/p>\n<p>Un go\u00fbt enveloppant et puissant<\/p>\n<p>Sa texture onctueuse et sa couleur dor\u00e9e \u00e9voquent imm\u00e9diatement la richesse de sa composition. En bouche, la douceur du miel se marie harmonieusement aux notes \u00e9pic\u00e9es et l\u00e9g\u00e8rement relev\u00e9es, pour une sensation \u00e0 la fois chaleureuse et r\u00e9confortante.<\/p>\n<p>Id\u00e9al au quotidien<\/p>\n<p>Pur, dans une infusion ou en cure bien-\u00eatre, Mielixir Dor\u00e9 accompagne vos journ\u00e9es avec \u00e9l\u00e9gance et naturalit\u00e9.<\/p>\n","protected":false},"excerpt":{"rendered":"<p>D\u00e9couvrez une pr\u00e9paration d\u2019exception o\u00f9 la puissance des tr\u00e9sors de la ruche rencontre les vertus des \u00e9pices sacr\u00e9es. Mielixir Dor\u00e9 est une alliance raffin\u00e9e de miel premium enrichi en curcuma, poivre noir, gingembre, propolis, pollen et gel\u00e9e royale : une formule naturelle rare, concentr\u00e9e et vibrante. Un concentr\u00e9 de vitalit\u00e9 Chaque cuill\u00e8re offre une synergie [&hellip;]<\/p>\n","protected":false},"featured_media":570,"comment_status":"open","ping_status":"closed","template":"","meta":{"_monsterinsights_skip_tracking":false,"_monsterinsights_sitenote_active":false,"_monsterinsights_sitenote_note":"","_monsterinsights_sitenote_category":0},"product_brand":[],"product_cat":[15],"product_tag":[],"class_list":{"0":"post-571","1":"product","2":"type-product","3":"status-publish","4":"has-post-thumbnail","6":"product_cat-uncategorized","8":"entry","9":"has-media","11":"first","12":"instock","13":"taxable","14":"shipping-taxable","15":"purchasable","16":"product-type-simple","17":"has-product-nav","18":"col","19":"span_1_of_3","20":"owp-content-center","21":"owp-thumbs-layout-horizontal","22":"owp-btn-normal","23":"owp-tabs-layout-horizontal","24":"has-no-thumbnails"},"yoast_head":"<!-- This site is optimized with the Yoast SEO plugin v27.4 - https:\/\/yoast.com\/product\/yoast-seo-wordpress\/ -->\n<title>Mielixir Dor\u00e9 \u2013 L\u2019\u00e9lixir pr\u00e9cieux de MIEL MALAKI - mielmalaki.com<\/title>\n<meta name=\"robots\" content=\"index, follow, max-snippet:-1, max-image-preview:large, max-video-preview:-1\" \/>\n<link rel=\"canonical\" href=\"https:\/\/mielmalaki.com\/index.php\/product\/mielixir-dore-lelixir-precieux-de-miel-malaki\/\" \/>\n<meta property=\"og:locale\" content=\"en_US\" \/>\n<meta property=\"og:type\" content=\"article\" \/>\n<meta property=\"og:title\" content=\"Mielixir Dor\u00e9 \u2013 L\u2019\u00e9lixir pr\u00e9cieux de MIEL MALAKI - mielmalaki.com\" \/>\n<meta property=\"og:description\" content=\"D\u00e9couvrez une pr\u00e9paration d\u2019exception o\u00f9 la puissance des tr\u00e9sors de la ruche rencontre les vertus des \u00e9pices sacr\u00e9es. Mielixir Dor\u00e9 est une alliance raffin\u00e9e de miel premium enrichi en curcuma, poivre noir, gingembre, propolis, pollen et gel\u00e9e royale : une formule naturelle rare, concentr\u00e9e et vibrante. Un concentr\u00e9 de vitalit\u00e9 Chaque cuill\u00e8re offre une synergie [&hellip;]\" \/>\n<meta property=\"og:url\" content=\"https:\/\/mielmalaki.com\/index.php\/product\/mielixir-dore-lelixir-precieux-de-miel-malaki\/\" \/>\n<meta property=\"og:site_name\" content=\"mielmalaki.com\" \/>\n<meta property=\"article:modified_time\" content=\"2025-11-26T14:27:22+00:00\" \/>\n<meta name=\"twitter:card\" content=\"summary_large_image\" \/>\n<meta name=\"twitter:label1\" content=\"Est. reading time\" \/>\n\t<meta name=\"twitter:data1\" content=\"1 minute\" \/>\n<script type=\"application\/ld+json\" class=\"yoast-schema-graph\">{\"@context\":\"https:\\\/\\\/schema.org\",\"@graph\":[{\"@type\":\"WebPage\",\"@id\":\"https:\\\/\\\/mielmalaki.com\\\/index.php\\\/product\\\/mielixir-dore-lelixir-precieux-de-miel-malaki\\\/\",\"url\":\"https:\\\/\\\/mielmalaki.com\\\/index.php\\\/product\\\/mielixir-dore-lelixir-precieux-de-miel-malaki\\\/\",\"name\":\"Mielixir Dor\u00e9 \u2013 L\u2019\u00e9lixir pr\u00e9cieux de MIEL MALAKI - mielmalaki.com\",\"isPartOf\":{\"@id\":\"https:\\\/\\\/mielmalaki.com\\\/#website\"},\"primaryImageOfPage\":{\"@id\":\"https:\\\/\\\/mielmalaki.com\\\/index.php\\\/product\\\/mielixir-dore-lelixir-precieux-de-miel-malaki\\\/#primaryimage\"},\"image\":{\"@id\":\"https:\\\/\\\/mielmalaki.com\\\/index.php\\\/product\\\/mielixir-dore-lelixir-precieux-de-miel-malaki\\\/#primaryimage\"},\"thumbnailUrl\":\"https:\\\/\\\/mielmalaki.com\\\/wp-content\\\/uploads\\\/2025\\\/11\\\/img_0300-scaled.jpeg\",\"datePublished\":\"2025-11-26T14:27:20+00:00\",\"dateModified\":\"2025-11-26T14:27:22+00:00\",\"breadcrumb\":{\"@id\":\"https:\\\/\\\/mielmalaki.com\\\/index.php\\\/product\\\/mielixir-dore-lelixir-precieux-de-miel-malaki\\\/#breadcrumb\"},\"inLanguage\":\"en-US\",\"potentialAction\":[{\"@type\":\"ReadAction\",\"target\":[\"https:\\\/\\\/mielmalaki.com\\\/index.php\\\/product\\\/mielixir-dore-lelixir-precieux-de-miel-malaki\\\/\"]}]},{\"@type\":\"ImageObject\",\"inLanguage\":\"en-US\",\"@id\":\"https:\\\/\\\/mielmalaki.com\\\/index.php\\\/product\\\/mielixir-dore-lelixir-precieux-de-miel-malaki\\\/#primaryimage\",\"url\":\"https:\\\/\\\/mielmalaki.com\\\/wp-content\\\/uploads\\\/2025\\\/11\\\/img_0300-scaled.jpeg\",\"contentUrl\":\"https:\\\/\\\/mielmalaki.com\\\/wp-content\\\/uploads\\\/2025\\\/11\\\/img_0300-scaled.jpeg\",\"width\":1920,\"height\":2560},{\"@type\":\"BreadcrumbList\",\"@id\":\"https:\\\/\\\/mielmalaki.com\\\/index.php\\\/product\\\/mielixir-dore-lelixir-precieux-de-miel-malaki\\\/#breadcrumb\",\"itemListElement\":[{\"@type\":\"ListItem\",\"position\":1,\"name\":\"Accueil\",\"item\":\"https:\\\/\\\/mielmalaki.com\\\/\"},{\"@type\":\"ListItem\",\"position\":2,\"name\":\"Shop\",\"item\":\"https:\\\/\\\/mielmalaki.com\\\/index.php\\\/shop\\\/\"},{\"@type\":\"ListItem\",\"position\":3,\"name\":\"Mielixir Dor\u00e9 \u2013 L\u2019\u00e9lixir pr\u00e9cieux de MIEL MALAKI\"}]},{\"@type\":\"WebSite\",\"@id\":\"https:\\\/\\\/mielmalaki.com\\\/#website\",\"url\":\"https:\\\/\\\/mielmalaki.com\\\/\",\"name\":\"mielmalaki.com\",\"description\":\"\",\"publisher\":{\"@id\":\"https:\\\/\\\/mielmalaki.com\\\/#organization\"},\"potentialAction\":[{\"@type\":\"SearchAction\",\"target\":{\"@type\":\"EntryPoint\",\"urlTemplate\":\"https:\\\/\\\/mielmalaki.com\\\/?s={search_term_string}\"},\"query-input\":{\"@type\":\"PropertyValueSpecification\",\"valueRequired\":true,\"valueName\":\"search_term_string\"}}],\"inLanguage\":\"en-US\"},{\"@type\":\"Organization\",\"@id\":\"https:\\\/\\\/mielmalaki.com\\\/#organization\",\"name\":\"mielmalaki.com\",\"url\":\"https:\\\/\\\/mielmalaki.com\\\/\",\"logo\":{\"@type\":\"ImageObject\",\"inLanguage\":\"en-US\",\"@id\":\"https:\\\/\\\/mielmalaki.com\\\/#\\\/schema\\\/logo\\\/image\\\/\",\"url\":\"https:\\\/\\\/mielmalaki.com\\\/wp-content\\\/uploads\\\/2024\\\/06\\\/cropped-logo-miel-2.png\",\"contentUrl\":\"https:\\\/\\\/mielmalaki.com\\\/wp-content\\\/uploads\\\/2024\\\/06\\\/cropped-logo-miel-2.png\",\"width\":637,\"height\":281,\"caption\":\"mielmalaki.com\"},\"image\":{\"@id\":\"https:\\\/\\\/mielmalaki.com\\\/#\\\/schema\\\/logo\\\/image\\\/\"}}]}<\/script>\n<!-- \/ Yoast SEO plugin. -->","yoast_head_json":{"title":"Mielixir Dor\u00e9 \u2013 L\u2019\u00e9lixir pr\u00e9cieux de MIEL MALAKI - mielmalaki.com","robots":{"index":"index","follow":"follow","max-snippet":"max-snippet:-1","max-image-preview":"max-image-preview:large","max-video-preview":"max-video-preview:-1"},"canonical":"https:\/\/mielmalaki.com\/index.php\/product\/mielixir-dore-lelixir-precieux-de-miel-malaki\/","og_locale":"en_US","og_type":"article","og_title":"Mielixir Dor\u00e9 \u2013 L\u2019\u00e9lixir pr\u00e9cieux de MIEL MALAKI - mielmalaki.com","og_description":"D\u00e9couvrez une pr\u00e9paration d\u2019exception o\u00f9 la puissance des tr\u00e9sors de la ruche rencontre les vertus des \u00e9pices sacr\u00e9es. Mielixir Dor\u00e9 est une alliance raffin\u00e9e de miel premium enrichi en curcuma, poivre noir, gingembre, propolis, pollen et gel\u00e9e royale : une formule naturelle rare, concentr\u00e9e et vibrante. Un concentr\u00e9 de vitalit\u00e9 Chaque cuill\u00e8re offre une synergie [&hellip;]","og_url":"https:\/\/mielmalaki.com\/index.php\/product\/mielixir-dore-lelixir-precieux-de-miel-malaki\/","og_site_name":"mielmalaki.com","article_modified_time":"2025-11-26T14:27:22+00:00","twitter_card":"summary_large_image","twitter_misc":{"Est. reading time":"1 minute"},"schema":{"@context":"https:\/\/schema.org","@graph":[{"@type":"WebPage","@id":"https:\/\/mielmalaki.com\/index.php\/product\/mielixir-dore-lelixir-precieux-de-miel-malaki\/","url":"https:\/\/mielmalaki.com\/index.php\/product\/mielixir-dore-lelixir-precieux-de-miel-malaki\/","name":"Mielixir Dor\u00e9 \u2013 L\u2019\u00e9lixir pr\u00e9cieux de MIEL MALAKI - mielmalaki.com","isPartOf":{"@id":"https:\/\/mielmalaki.com\/#website"},"primaryImageOfPage":{"@id":"https:\/\/mielmalaki.com\/index.php\/product\/mielixir-dore-lelixir-precieux-de-miel-malaki\/#primaryimage"},"image":{"@id":"https:\/\/mielmalaki.com\/index.php\/product\/mielixir-dore-lelixir-precieux-de-miel-malaki\/#primaryimage"},"thumbnailUrl":"https:\/\/mielmalaki.com\/wp-content\/uploads\/2025\/11\/img_0300-scaled.jpeg","datePublished":"2025-11-26T14:27:20+00:00","dateModified":"2025-11-26T14:27:22+00:00","breadcrumb":{"@id":"https:\/\/mielmalaki.com\/index.php\/product\/mielixir-dore-lelixir-precieux-de-miel-malaki\/#breadcrumb"},"inLanguage":"en-US","potentialAction":[{"@type":"ReadAction","target":["https:\/\/mielmalaki.com\/index.php\/product\/mielixir-dore-lelixir-precieux-de-miel-malaki\/"]}]},{"@type":"ImageObject","inLanguage":"en-US","@id":"https:\/\/mielmalaki.com\/index.php\/product\/mielixir-dore-lelixir-precieux-de-miel-malaki\/#primaryimage","url":"https:\/\/mielmalaki.com\/wp-content\/uploads\/2025\/11\/img_0300-scaled.jpeg","contentUrl":"https:\/\/mielmalaki.com\/wp-content\/uploads\/2025\/11\/img_0300-scaled.jpeg","width":1920,"height":2560},{"@type":"BreadcrumbList","@id":"https:\/\/mielmalaki.com\/index.php\/product\/mielixir-dore-lelixir-precieux-de-miel-malaki\/#breadcrumb","itemListElement":[{"@type":"ListItem","position":1,"name":"Accueil","item":"https:\/\/mielmalaki.com\/"},{"@type":"ListItem","position":2,"name":"Shop","item":"https:\/\/mielmalaki.com\/index.php\/shop\/"},{"@type":"ListItem","position":3,"name":"Mielixir Dor\u00e9 \u2013 L\u2019\u00e9lixir pr\u00e9cieux de MIEL MALAKI"}]},{"@type":"WebSite","@id":"https:\/\/mielmalaki.com\/#website","url":"https:\/\/mielmalaki.com\/","name":"mielmalaki.com","description":"","publisher":{"@id":"https:\/\/mielmalaki.com\/#organization"},"potentialAction":[{"@type":"SearchAction","target":{"@type":"EntryPoint","urlTemplate":"https:\/\/mielmalaki.com\/?s={search_term_string}"},"query-input":{"@type":"PropertyValueSpecification","valueRequired":true,"valueName":"search_term_string"}}],"inLanguage":"en-US"},{"@type":"Organization","@id":"https:\/\/mielmalaki.com\/#organization","name":"mielmalaki.com","url":"https:\/\/mielmalaki.com\/","logo":{"@type":"ImageObject","inLanguage":"en-US","@id":"https:\/\/mielmalaki.com\/#\/schema\/logo\/image\/","url":"https:\/\/mielmalaki.com\/wp-content\/uploads\/2024\/06\/cropped-logo-miel-2.png","contentUrl":"https:\/\/mielmalaki.com\/wp-content\/uploads\/2024\/06\/cropped-logo-miel-2.png","width":637,"height":281,"caption":"mielmalaki.com"},"image":{"@id":"https:\/\/mielmalaki.com\/#\/schema\/logo\/image\/"}}]}},"jetpack_sharing_enabled":true,"_links":{"self":[{"href":"https:\/\/mielmalaki.com\/index.php\/wp-json\/wp\/v2\/product\/571","targetHints":{"allow":["GET"]}}],"collection":[{"href":"https:\/\/mielmalaki.com\/index.php\/wp-json\/wp\/v2\/product"}],"about":[{"href":"https:\/\/mielmalaki.com\/index.php\/wp-json\/wp\/v2\/types\/product"}],"replies":[{"embeddable":true,"href":"https:\/\/mielmalaki.com\/index.php\/wp-json\/wp\/v2\/comments?post=571"}],"wp:featuredmedia":[{"embeddable":true,"href":"https:\/\/mielmalaki.com\/index.php\/wp-json\/wp\/v2\/media\/570"}],"wp:attachment":[{"href":"https:\/\/mielmalaki.com\/index.php\/wp-json\/wp\/v2\/media?parent=571"}],"wp:term":[{"taxonomy":"product_brand","embeddable":true,"href":"https:\/\/mielmalaki.com\/index.php\/wp-json\/wp\/v2\/product_brand?post=571"},{"taxonomy":"product_cat","embeddable":true,"href":"https:\/\/mielmalaki.com\/index.php\/wp-json\/wp\/v2\/product_cat?post=571"},{"taxonomy":"product_tag","embeddable":true,"href":"https:\/\/mielmalaki.com\/index.php\/wp-json\/wp\/v2\/product_tag?post=571"}],"curies":[{"name":"wp","href":"https:\/\/api.w.org\/{rel}","templated":true}]}}