{"id":573,"date":"2025-11-26T15:31:40","date_gmt":"2025-11-26T14:31:40","guid":{"rendered":"https:\/\/mielmalaki.com\/?post_type=product&#038;p=573"},"modified":"2025-11-26T15:32:04","modified_gmt":"2025-11-26T14:32:04","slug":"miel-deuphorbe-daghmous-lintensite-authentique-du-desert","status":"publish","type":"product","link":"https:\/\/mielmalaki.com\/index.php\/product\/miel-deuphorbe-daghmous-lintensite-authentique-du-desert\/","title":{"rendered":"Miel d\u2019Euphorbe (Daghmous)\u2013 L\u2019intensit\u00e9 authentique du d\u00e9sert"},"content":{"rendered":"<p>R\u00e9colt\u00e9 au c\u0153ur des r\u00e9gions arides o\u00f9 pousse l\u2019euphorbe, ce miel rare et recherch\u00e9 d\u00e9voile un caract\u00e8re puissant et inimitable. Le Miel d\u2019Euphorbe de MIEL MALAKI est reconnu pour sa force aromatique, sa l\u00e9g\u00e8re sensation piquante et sa profondeur naturelle qui s\u00e9duisent les amateurs de miels d\u2019exception.<\/p>\n<p>Une signature gustative unique<\/p>\n<p>L\u2019euphorbe, plante embl\u00e9matique des zones d\u00e9sertiques, donne un nectar au profil tr\u00e8s marqu\u00e9 :<\/p>\n<p>Un go\u00fbt vif et audacieux, avec une pointe de chaleur caract\u00e9ristique.<\/p>\n<p>Une texture dense et noble, reflet de sa richesse.<\/p>\n<p>Une personnalit\u00e9 aromatique rare, appr\u00e9ci\u00e9e par les connaisseurs.<\/p>\n<p>Un miel naturellement puissant<\/p>\n<p>Traditionnellement appr\u00e9ci\u00e9 pour accompagner les changements de saison ou en cure, il s\u2019incorpore facilement : pur, dans une infusion ti\u00e8de, ou pour apporter une touche \u00e9nergisante \u00e0 votre routine bien-\u00eatre.<\/p>\n<p>Un tr\u00e9sor du d\u00e9sert<\/p>\n<p>Le Miel d\u2019Euphorbe offre une exp\u00e9rience sensorielle intense : une premi\u00e8re cuill\u00e8re surprend, la seconde conquiert \u2014 un v\u00e9ritable joyau pour ceux qui recherchent un miel au caract\u00e8re affirm\u00e9.<\/p>\n","protected":false},"excerpt":{"rendered":"<p>R\u00e9colt\u00e9 au c\u0153ur des r\u00e9gions arides o\u00f9 pousse l\u2019euphorbe, ce miel rare et recherch\u00e9 d\u00e9voile un caract\u00e8re puissant et inimitable. Le Miel d\u2019Euphorbe de MIEL MALAKI est reconnu pour sa force aromatique, sa l\u00e9g\u00e8re sensation piquante et sa profondeur naturelle qui s\u00e9duisent les amateurs de miels d\u2019exception. Une signature gustative unique L\u2019euphorbe, plante embl\u00e9matique des [&hellip;]<\/p>\n","protected":false},"featured_media":572,"comment_status":"open","ping_status":"closed","template":"","meta":{"_monsterinsights_skip_tracking":false,"_monsterinsights_sitenote_active":false,"_monsterinsights_sitenote_note":"","_monsterinsights_sitenote_category":0},"product_brand":[],"product_cat":[15],"product_tag":[],"class_list":{"0":"post-573","1":"product","2":"type-product","3":"status-publish","4":"has-post-thumbnail","6":"product_cat-uncategorized","8":"entry","9":"has-media","11":"first","12":"instock","13":"taxable","14":"shipping-taxable","15":"purchasable","16":"product-type-simple","17":"has-product-nav","18":"col","19":"span_1_of_3","20":"owp-content-center","21":"owp-thumbs-layout-horizontal","22":"owp-btn-normal","23":"owp-tabs-layout-horizontal","24":"has-no-thumbnails"},"yoast_head":"<!-- This site is optimized with the Yoast SEO plugin v27.4 - https:\/\/yoast.com\/product\/yoast-seo-wordpress\/ -->\n<title>Miel d\u2019Euphorbe (Daghmous)\u2013 L\u2019intensit\u00e9 authentique du d\u00e9sert - mielmalaki.com<\/title>\n<meta name=\"robots\" content=\"index, follow, max-snippet:-1, max-image-preview:large, max-video-preview:-1\" \/>\n<link rel=\"canonical\" href=\"https:\/\/mielmalaki.com\/index.php\/product\/miel-deuphorbe-daghmous-lintensite-authentique-du-desert\/\" \/>\n<meta property=\"og:locale\" content=\"en_US\" \/>\n<meta property=\"og:type\" content=\"article\" \/>\n<meta property=\"og:title\" content=\"Miel d\u2019Euphorbe (Daghmous)\u2013 L\u2019intensit\u00e9 authentique du d\u00e9sert - mielmalaki.com\" \/>\n<meta property=\"og:description\" content=\"R\u00e9colt\u00e9 au c\u0153ur des r\u00e9gions arides o\u00f9 pousse l\u2019euphorbe, ce miel rare et recherch\u00e9 d\u00e9voile un caract\u00e8re puissant et inimitable. Le Miel d\u2019Euphorbe de MIEL MALAKI est reconnu pour sa force aromatique, sa l\u00e9g\u00e8re sensation piquante et sa profondeur naturelle qui s\u00e9duisent les amateurs de miels d\u2019exception. Une signature gustative unique L\u2019euphorbe, plante embl\u00e9matique des [&hellip;]\" \/>\n<meta property=\"og:url\" content=\"https:\/\/mielmalaki.com\/index.php\/product\/miel-deuphorbe-daghmous-lintensite-authentique-du-desert\/\" \/>\n<meta property=\"og:site_name\" content=\"mielmalaki.com\" \/>\n<meta property=\"article:modified_time\" content=\"2025-11-26T14:32:04+00:00\" \/>\n<meta property=\"og:image\" content=\"https:\/\/mielmalaki.com\/wp-content\/uploads\/2025\/11\/img_0301-scaled.jpeg\" \/>\n\t<meta property=\"og:image:width\" content=\"1920\" \/>\n\t<meta property=\"og:image:height\" content=\"2560\" \/>\n\t<meta property=\"og:image:type\" content=\"image\/jpeg\" \/>\n<meta name=\"twitter:card\" content=\"summary_large_image\" \/>\n<meta name=\"twitter:label1\" content=\"Est. reading time\" \/>\n\t<meta name=\"twitter:data1\" content=\"1 minute\" \/>\n<script type=\"application\/ld+json\" class=\"yoast-schema-graph\">{\"@context\":\"https:\\\/\\\/schema.org\",\"@graph\":[{\"@type\":\"WebPage\",\"@id\":\"https:\\\/\\\/mielmalaki.com\\\/index.php\\\/product\\\/miel-deuphorbe-daghmous-lintensite-authentique-du-desert\\\/\",\"url\":\"https:\\\/\\\/mielmalaki.com\\\/index.php\\\/product\\\/miel-deuphorbe-daghmous-lintensite-authentique-du-desert\\\/\",\"name\":\"Miel d\u2019Euphorbe (Daghmous)\u2013 L\u2019intensit\u00e9 authentique du d\u00e9sert - mielmalaki.com\",\"isPartOf\":{\"@id\":\"https:\\\/\\\/mielmalaki.com\\\/#website\"},\"primaryImageOfPage\":{\"@id\":\"https:\\\/\\\/mielmalaki.com\\\/index.php\\\/product\\\/miel-deuphorbe-daghmous-lintensite-authentique-du-desert\\\/#primaryimage\"},\"image\":{\"@id\":\"https:\\\/\\\/mielmalaki.com\\\/index.php\\\/product\\\/miel-deuphorbe-daghmous-lintensite-authentique-du-desert\\\/#primaryimage\"},\"thumbnailUrl\":\"https:\\\/\\\/mielmalaki.com\\\/wp-content\\\/uploads\\\/2025\\\/11\\\/img_0301-scaled.jpeg\",\"datePublished\":\"2025-11-26T14:31:40+00:00\",\"dateModified\":\"2025-11-26T14:32:04+00:00\",\"breadcrumb\":{\"@id\":\"https:\\\/\\\/mielmalaki.com\\\/index.php\\\/product\\\/miel-deuphorbe-daghmous-lintensite-authentique-du-desert\\\/#breadcrumb\"},\"inLanguage\":\"en-US\",\"potentialAction\":[{\"@type\":\"ReadAction\",\"target\":[\"https:\\\/\\\/mielmalaki.com\\\/index.php\\\/product\\\/miel-deuphorbe-daghmous-lintensite-authentique-du-desert\\\/\"]}]},{\"@type\":\"ImageObject\",\"inLanguage\":\"en-US\",\"@id\":\"https:\\\/\\\/mielmalaki.com\\\/index.php\\\/product\\\/miel-deuphorbe-daghmous-lintensite-authentique-du-desert\\\/#primaryimage\",\"url\":\"https:\\\/\\\/mielmalaki.com\\\/wp-content\\\/uploads\\\/2025\\\/11\\\/img_0301-scaled.jpeg\",\"contentUrl\":\"https:\\\/\\\/mielmalaki.com\\\/wp-content\\\/uploads\\\/2025\\\/11\\\/img_0301-scaled.jpeg\",\"width\":1920,\"height\":2560},{\"@type\":\"BreadcrumbList\",\"@id\":\"https:\\\/\\\/mielmalaki.com\\\/index.php\\\/product\\\/miel-deuphorbe-daghmous-lintensite-authentique-du-desert\\\/#breadcrumb\",\"itemListElement\":[{\"@type\":\"ListItem\",\"position\":1,\"name\":\"Accueil\",\"item\":\"https:\\\/\\\/mielmalaki.com\\\/\"},{\"@type\":\"ListItem\",\"position\":2,\"name\":\"Shop\",\"item\":\"https:\\\/\\\/mielmalaki.com\\\/index.php\\\/shop\\\/\"},{\"@type\":\"ListItem\",\"position\":3,\"name\":\"Miel d\u2019Euphorbe (Daghmous)\u2013 L\u2019intensit\u00e9 authentique du d\u00e9sert\"}]},{\"@type\":\"WebSite\",\"@id\":\"https:\\\/\\\/mielmalaki.com\\\/#website\",\"url\":\"https:\\\/\\\/mielmalaki.com\\\/\",\"name\":\"mielmalaki.com\",\"description\":\"\",\"publisher\":{\"@id\":\"https:\\\/\\\/mielmalaki.com\\\/#organization\"},\"potentialAction\":[{\"@type\":\"SearchAction\",\"target\":{\"@type\":\"EntryPoint\",\"urlTemplate\":\"https:\\\/\\\/mielmalaki.com\\\/?s={search_term_string}\"},\"query-input\":{\"@type\":\"PropertyValueSpecification\",\"valueRequired\":true,\"valueName\":\"search_term_string\"}}],\"inLanguage\":\"en-US\"},{\"@type\":\"Organization\",\"@id\":\"https:\\\/\\\/mielmalaki.com\\\/#organization\",\"name\":\"mielmalaki.com\",\"url\":\"https:\\\/\\\/mielmalaki.com\\\/\",\"logo\":{\"@type\":\"ImageObject\",\"inLanguage\":\"en-US\",\"@id\":\"https:\\\/\\\/mielmalaki.com\\\/#\\\/schema\\\/logo\\\/image\\\/\",\"url\":\"https:\\\/\\\/mielmalaki.com\\\/wp-content\\\/uploads\\\/2024\\\/06\\\/cropped-logo-miel-2.png\",\"contentUrl\":\"https:\\\/\\\/mielmalaki.com\\\/wp-content\\\/uploads\\\/2024\\\/06\\\/cropped-logo-miel-2.png\",\"width\":637,\"height\":281,\"caption\":\"mielmalaki.com\"},\"image\":{\"@id\":\"https:\\\/\\\/mielmalaki.com\\\/#\\\/schema\\\/logo\\\/image\\\/\"}}]}<\/script>\n<!-- \/ Yoast SEO plugin. -->","yoast_head_json":{"title":"Miel d\u2019Euphorbe (Daghmous)\u2013 L\u2019intensit\u00e9 authentique du d\u00e9sert - mielmalaki.com","robots":{"index":"index","follow":"follow","max-snippet":"max-snippet:-1","max-image-preview":"max-image-preview:large","max-video-preview":"max-video-preview:-1"},"canonical":"https:\/\/mielmalaki.com\/index.php\/product\/miel-deuphorbe-daghmous-lintensite-authentique-du-desert\/","og_locale":"en_US","og_type":"article","og_title":"Miel d\u2019Euphorbe (Daghmous)\u2013 L\u2019intensit\u00e9 authentique du d\u00e9sert - mielmalaki.com","og_description":"R\u00e9colt\u00e9 au c\u0153ur des r\u00e9gions arides o\u00f9 pousse l\u2019euphorbe, ce miel rare et recherch\u00e9 d\u00e9voile un caract\u00e8re puissant et inimitable. Le Miel d\u2019Euphorbe de MIEL MALAKI est reconnu pour sa force aromatique, sa l\u00e9g\u00e8re sensation piquante et sa profondeur naturelle qui s\u00e9duisent les amateurs de miels d\u2019exception. Une signature gustative unique L\u2019euphorbe, plante embl\u00e9matique des [&hellip;]","og_url":"https:\/\/mielmalaki.com\/index.php\/product\/miel-deuphorbe-daghmous-lintensite-authentique-du-desert\/","og_site_name":"mielmalaki.com","article_modified_time":"2025-11-26T14:32:04+00:00","og_image":[{"width":1920,"height":2560,"url":"https:\/\/mielmalaki.com\/wp-content\/uploads\/2025\/11\/img_0301-scaled.jpeg","type":"image\/jpeg"}],"twitter_card":"summary_large_image","twitter_misc":{"Est. reading time":"1 minute"},"schema":{"@context":"https:\/\/schema.org","@graph":[{"@type":"WebPage","@id":"https:\/\/mielmalaki.com\/index.php\/product\/miel-deuphorbe-daghmous-lintensite-authentique-du-desert\/","url":"https:\/\/mielmalaki.com\/index.php\/product\/miel-deuphorbe-daghmous-lintensite-authentique-du-desert\/","name":"Miel d\u2019Euphorbe (Daghmous)\u2013 L\u2019intensit\u00e9 authentique du d\u00e9sert - mielmalaki.com","isPartOf":{"@id":"https:\/\/mielmalaki.com\/#website"},"primaryImageOfPage":{"@id":"https:\/\/mielmalaki.com\/index.php\/product\/miel-deuphorbe-daghmous-lintensite-authentique-du-desert\/#primaryimage"},"image":{"@id":"https:\/\/mielmalaki.com\/index.php\/product\/miel-deuphorbe-daghmous-lintensite-authentique-du-desert\/#primaryimage"},"thumbnailUrl":"https:\/\/mielmalaki.com\/wp-content\/uploads\/2025\/11\/img_0301-scaled.jpeg","datePublished":"2025-11-26T14:31:40+00:00","dateModified":"2025-11-26T14:32:04+00:00","breadcrumb":{"@id":"https:\/\/mielmalaki.com\/index.php\/product\/miel-deuphorbe-daghmous-lintensite-authentique-du-desert\/#breadcrumb"},"inLanguage":"en-US","potentialAction":[{"@type":"ReadAction","target":["https:\/\/mielmalaki.com\/index.php\/product\/miel-deuphorbe-daghmous-lintensite-authentique-du-desert\/"]}]},{"@type":"ImageObject","inLanguage":"en-US","@id":"https:\/\/mielmalaki.com\/index.php\/product\/miel-deuphorbe-daghmous-lintensite-authentique-du-desert\/#primaryimage","url":"https:\/\/mielmalaki.com\/wp-content\/uploads\/2025\/11\/img_0301-scaled.jpeg","contentUrl":"https:\/\/mielmalaki.com\/wp-content\/uploads\/2025\/11\/img_0301-scaled.jpeg","width":1920,"height":2560},{"@type":"BreadcrumbList","@id":"https:\/\/mielmalaki.com\/index.php\/product\/miel-deuphorbe-daghmous-lintensite-authentique-du-desert\/#breadcrumb","itemListElement":[{"@type":"ListItem","position":1,"name":"Accueil","item":"https:\/\/mielmalaki.com\/"},{"@type":"ListItem","position":2,"name":"Shop","item":"https:\/\/mielmalaki.com\/index.php\/shop\/"},{"@type":"ListItem","position":3,"name":"Miel d\u2019Euphorbe (Daghmous)\u2013 L\u2019intensit\u00e9 authentique du d\u00e9sert"}]},{"@type":"WebSite","@id":"https:\/\/mielmalaki.com\/#website","url":"https:\/\/mielmalaki.com\/","name":"mielmalaki.com","description":"","publisher":{"@id":"https:\/\/mielmalaki.com\/#organization"},"potentialAction":[{"@type":"SearchAction","target":{"@type":"EntryPoint","urlTemplate":"https:\/\/mielmalaki.com\/?s={search_term_string}"},"query-input":{"@type":"PropertyValueSpecification","valueRequired":true,"valueName":"search_term_string"}}],"inLanguage":"en-US"},{"@type":"Organization","@id":"https:\/\/mielmalaki.com\/#organization","name":"mielmalaki.com","url":"https:\/\/mielmalaki.com\/","logo":{"@type":"ImageObject","inLanguage":"en-US","@id":"https:\/\/mielmalaki.com\/#\/schema\/logo\/image\/","url":"https:\/\/mielmalaki.com\/wp-content\/uploads\/2024\/06\/cropped-logo-miel-2.png","contentUrl":"https:\/\/mielmalaki.com\/wp-content\/uploads\/2024\/06\/cropped-logo-miel-2.png","width":637,"height":281,"caption":"mielmalaki.com"},"image":{"@id":"https:\/\/mielmalaki.com\/#\/schema\/logo\/image\/"}}]}},"jetpack_sharing_enabled":true,"_links":{"self":[{"href":"https:\/\/mielmalaki.com\/index.php\/wp-json\/wp\/v2\/product\/573","targetHints":{"allow":["GET"]}}],"collection":[{"href":"https:\/\/mielmalaki.com\/index.php\/wp-json\/wp\/v2\/product"}],"about":[{"href":"https:\/\/mielmalaki.com\/index.php\/wp-json\/wp\/v2\/types\/product"}],"replies":[{"embeddable":true,"href":"https:\/\/mielmalaki.com\/index.php\/wp-json\/wp\/v2\/comments?post=573"}],"wp:featuredmedia":[{"embeddable":true,"href":"https:\/\/mielmalaki.com\/index.php\/wp-json\/wp\/v2\/media\/572"}],"wp:attachment":[{"href":"https:\/\/mielmalaki.com\/index.php\/wp-json\/wp\/v2\/media?parent=573"}],"wp:term":[{"taxonomy":"product_brand","embeddable":true,"href":"https:\/\/mielmalaki.com\/index.php\/wp-json\/wp\/v2\/product_brand?post=573"},{"taxonomy":"product_cat","embeddable":true,"href":"https:\/\/mielmalaki.com\/index.php\/wp-json\/wp\/v2\/product_cat?post=573"},{"taxonomy":"product_tag","embeddable":true,"href":"https:\/\/mielmalaki.com\/index.php\/wp-json\/wp\/v2\/product_tag?post=573"}],"curies":[{"name":"wp","href":"https:\/\/api.w.org\/{rel}","templated":true}]}}