{"id":575,"date":"2025-11-26T15:35:04","date_gmt":"2025-11-26T14:35:04","guid":{"rendered":"https:\/\/mielmalaki.com\/?post_type=product&#038;p=575"},"modified":"2025-11-26T15:35:19","modified_gmt":"2025-11-26T14:35:19","slug":"miel-darbousier-lamertume-noble-des-terres-mediterraneennes","status":"publish","type":"product","link":"https:\/\/mielmalaki.com\/index.php\/product\/miel-darbousier-lamertume-noble-des-terres-mediterraneennes\/","title":{"rendered":"Miel d\u2019Arbousier \u2013 L\u2019amertume noble des terres m\u00e9diterran\u00e9ennes"},"content":{"rendered":"<p>R\u00e9colt\u00e9 sur les fleurs de l\u2019arbousier, arbre sauvage embl\u00e9matique des zones m\u00e9diterran\u00e9ennes, ce miel rare d\u00e9voile une personnalit\u00e9 \u00e9tonnante : intense, l\u00e9g\u00e8rement amer et profond\u00e9ment aromatique. Le Miel d\u2019Arbousier de MIEL MALAKI s\u00e9duit les amateurs de go\u00fbts authentiques et affirm\u00e9s.<\/p>\n<p>Un caract\u00e8re unique et raffin\u00e9<\/p>\n<p>Le nectar d\u2019arbousier est connu pour son profil gustatif tr\u00e8s particulier :<\/p>\n<p>Une amertume \u00e9l\u00e9gante, subtile et ma\u00eetris\u00e9e.<\/p>\n<p>Des notes v\u00e9g\u00e9tales et bois\u00e9es, propres \u00e0 l\u2019arbousier.<\/p>\n<p>Une texture onctueuse, r\u00e9v\u00e9latrice de sa puret\u00e9.<\/p>\n<p>Un miel de connaisseurs<\/p>\n<p>Appr\u00e9ci\u00e9 pour accompagner les moments o\u00f9 l\u2019on cherche une saveur singuli\u00e8re, il se d\u00e9guste pur, dans une infusion ou en accord audacieux avec des fromages, yaourts ou pr\u00e9parations fines.<\/p>\n<p>Un tr\u00e9sor m\u00e9diterran\u00e9en<\/p>\n<p>Profond, rare et authentique, le Miel d\u2019Arbousier offre une exp\u00e9rience sensorielle m\u00e9morable : un m\u00e9lange subtil entre douceur et amertume noble \u2014 un choix id\u00e9al pour ceux qui recherchent un miel hors du commun.<\/p>\n","protected":false},"excerpt":{"rendered":"<p>R\u00e9colt\u00e9 sur les fleurs de l\u2019arbousier, arbre sauvage embl\u00e9matique des zones m\u00e9diterran\u00e9ennes, ce miel rare d\u00e9voile une personnalit\u00e9 \u00e9tonnante : intense, l\u00e9g\u00e8rement amer et profond\u00e9ment aromatique. Le Miel d\u2019Arbousier de MIEL MALAKI s\u00e9duit les amateurs de go\u00fbts authentiques et affirm\u00e9s. Un caract\u00e8re unique et raffin\u00e9 Le nectar d\u2019arbousier est connu pour son profil gustatif tr\u00e8s [&hellip;]<\/p>\n","protected":false},"featured_media":574,"comment_status":"open","ping_status":"closed","template":"","meta":{"_monsterinsights_skip_tracking":false,"_monsterinsights_sitenote_active":false,"_monsterinsights_sitenote_note":"","_monsterinsights_sitenote_category":0},"product_brand":[],"product_cat":[15],"product_tag":[],"class_list":{"0":"post-575","1":"product","2":"type-product","3":"status-publish","4":"has-post-thumbnail","6":"product_cat-uncategorized","8":"entry","9":"has-media","11":"first","12":"instock","13":"taxable","14":"shipping-taxable","15":"purchasable","16":"product-type-simple","17":"has-product-nav","18":"col","19":"span_1_of_3","20":"owp-content-center","21":"owp-thumbs-layout-horizontal","22":"owp-btn-normal","23":"owp-tabs-layout-horizontal","24":"has-no-thumbnails"},"yoast_head":"<!-- This site is optimized with the Yoast SEO plugin v27.4 - https:\/\/yoast.com\/product\/yoast-seo-wordpress\/ -->\n<title>Miel d\u2019Arbousier \u2013 L\u2019amertume noble des terres m\u00e9diterran\u00e9ennes - mielmalaki.com<\/title>\n<meta name=\"robots\" content=\"index, follow, max-snippet:-1, max-image-preview:large, max-video-preview:-1\" \/>\n<link rel=\"canonical\" href=\"https:\/\/mielmalaki.com\/index.php\/product\/miel-darbousier-lamertume-noble-des-terres-mediterraneennes\/\" \/>\n<meta property=\"og:locale\" content=\"en_US\" \/>\n<meta property=\"og:type\" content=\"article\" \/>\n<meta property=\"og:title\" content=\"Miel d\u2019Arbousier \u2013 L\u2019amertume noble des terres m\u00e9diterran\u00e9ennes - mielmalaki.com\" \/>\n<meta property=\"og:description\" content=\"R\u00e9colt\u00e9 sur les fleurs de l\u2019arbousier, arbre sauvage embl\u00e9matique des zones m\u00e9diterran\u00e9ennes, ce miel rare d\u00e9voile une personnalit\u00e9 \u00e9tonnante : intense, l\u00e9g\u00e8rement amer et profond\u00e9ment aromatique. Le Miel d\u2019Arbousier de MIEL MALAKI s\u00e9duit les amateurs de go\u00fbts authentiques et affirm\u00e9s. Un caract\u00e8re unique et raffin\u00e9 Le nectar d\u2019arbousier est connu pour son profil gustatif tr\u00e8s [&hellip;]\" \/>\n<meta property=\"og:url\" content=\"https:\/\/mielmalaki.com\/index.php\/product\/miel-darbousier-lamertume-noble-des-terres-mediterraneennes\/\" \/>\n<meta property=\"og:site_name\" content=\"mielmalaki.com\" \/>\n<meta property=\"article:modified_time\" content=\"2025-11-26T14:35:19+00:00\" \/>\n<meta property=\"og:image\" content=\"https:\/\/mielmalaki.com\/wp-content\/uploads\/2025\/11\/img_0298-scaled.jpeg\" \/>\n\t<meta property=\"og:image:width\" content=\"1920\" \/>\n\t<meta property=\"og:image:height\" content=\"2560\" \/>\n\t<meta property=\"og:image:type\" content=\"image\/jpeg\" \/>\n<meta name=\"twitter:card\" content=\"summary_large_image\" \/>\n<meta name=\"twitter:label1\" content=\"Est. reading time\" \/>\n\t<meta name=\"twitter:data1\" content=\"1 minute\" \/>\n<script type=\"application\/ld+json\" class=\"yoast-schema-graph\">{\"@context\":\"https:\\\/\\\/schema.org\",\"@graph\":[{\"@type\":\"WebPage\",\"@id\":\"https:\\\/\\\/mielmalaki.com\\\/index.php\\\/product\\\/miel-darbousier-lamertume-noble-des-terres-mediterraneennes\\\/\",\"url\":\"https:\\\/\\\/mielmalaki.com\\\/index.php\\\/product\\\/miel-darbousier-lamertume-noble-des-terres-mediterraneennes\\\/\",\"name\":\"Miel d\u2019Arbousier \u2013 L\u2019amertume noble des terres m\u00e9diterran\u00e9ennes - mielmalaki.com\",\"isPartOf\":{\"@id\":\"https:\\\/\\\/mielmalaki.com\\\/#website\"},\"primaryImageOfPage\":{\"@id\":\"https:\\\/\\\/mielmalaki.com\\\/index.php\\\/product\\\/miel-darbousier-lamertume-noble-des-terres-mediterraneennes\\\/#primaryimage\"},\"image\":{\"@id\":\"https:\\\/\\\/mielmalaki.com\\\/index.php\\\/product\\\/miel-darbousier-lamertume-noble-des-terres-mediterraneennes\\\/#primaryimage\"},\"thumbnailUrl\":\"https:\\\/\\\/mielmalaki.com\\\/wp-content\\\/uploads\\\/2025\\\/11\\\/img_0298-scaled.jpeg\",\"datePublished\":\"2025-11-26T14:35:04+00:00\",\"dateModified\":\"2025-11-26T14:35:19+00:00\",\"breadcrumb\":{\"@id\":\"https:\\\/\\\/mielmalaki.com\\\/index.php\\\/product\\\/miel-darbousier-lamertume-noble-des-terres-mediterraneennes\\\/#breadcrumb\"},\"inLanguage\":\"en-US\",\"potentialAction\":[{\"@type\":\"ReadAction\",\"target\":[\"https:\\\/\\\/mielmalaki.com\\\/index.php\\\/product\\\/miel-darbousier-lamertume-noble-des-terres-mediterraneennes\\\/\"]}]},{\"@type\":\"ImageObject\",\"inLanguage\":\"en-US\",\"@id\":\"https:\\\/\\\/mielmalaki.com\\\/index.php\\\/product\\\/miel-darbousier-lamertume-noble-des-terres-mediterraneennes\\\/#primaryimage\",\"url\":\"https:\\\/\\\/mielmalaki.com\\\/wp-content\\\/uploads\\\/2025\\\/11\\\/img_0298-scaled.jpeg\",\"contentUrl\":\"https:\\\/\\\/mielmalaki.com\\\/wp-content\\\/uploads\\\/2025\\\/11\\\/img_0298-scaled.jpeg\",\"width\":1920,\"height\":2560},{\"@type\":\"BreadcrumbList\",\"@id\":\"https:\\\/\\\/mielmalaki.com\\\/index.php\\\/product\\\/miel-darbousier-lamertume-noble-des-terres-mediterraneennes\\\/#breadcrumb\",\"itemListElement\":[{\"@type\":\"ListItem\",\"position\":1,\"name\":\"Accueil\",\"item\":\"https:\\\/\\\/mielmalaki.com\\\/\"},{\"@type\":\"ListItem\",\"position\":2,\"name\":\"Shop\",\"item\":\"https:\\\/\\\/mielmalaki.com\\\/index.php\\\/shop\\\/\"},{\"@type\":\"ListItem\",\"position\":3,\"name\":\"Miel d\u2019Arbousier \u2013 L\u2019amertume noble des terres m\u00e9diterran\u00e9ennes\"}]},{\"@type\":\"WebSite\",\"@id\":\"https:\\\/\\\/mielmalaki.com\\\/#website\",\"url\":\"https:\\\/\\\/mielmalaki.com\\\/\",\"name\":\"mielmalaki.com\",\"description\":\"\",\"publisher\":{\"@id\":\"https:\\\/\\\/mielmalaki.com\\\/#organization\"},\"potentialAction\":[{\"@type\":\"SearchAction\",\"target\":{\"@type\":\"EntryPoint\",\"urlTemplate\":\"https:\\\/\\\/mielmalaki.com\\\/?s={search_term_string}\"},\"query-input\":{\"@type\":\"PropertyValueSpecification\",\"valueRequired\":true,\"valueName\":\"search_term_string\"}}],\"inLanguage\":\"en-US\"},{\"@type\":\"Organization\",\"@id\":\"https:\\\/\\\/mielmalaki.com\\\/#organization\",\"name\":\"mielmalaki.com\",\"url\":\"https:\\\/\\\/mielmalaki.com\\\/\",\"logo\":{\"@type\":\"ImageObject\",\"inLanguage\":\"en-US\",\"@id\":\"https:\\\/\\\/mielmalaki.com\\\/#\\\/schema\\\/logo\\\/image\\\/\",\"url\":\"https:\\\/\\\/mielmalaki.com\\\/wp-content\\\/uploads\\\/2024\\\/06\\\/cropped-logo-miel-2.png\",\"contentUrl\":\"https:\\\/\\\/mielmalaki.com\\\/wp-content\\\/uploads\\\/2024\\\/06\\\/cropped-logo-miel-2.png\",\"width\":637,\"height\":281,\"caption\":\"mielmalaki.com\"},\"image\":{\"@id\":\"https:\\\/\\\/mielmalaki.com\\\/#\\\/schema\\\/logo\\\/image\\\/\"}}]}<\/script>\n<!-- \/ Yoast SEO plugin. -->","yoast_head_json":{"title":"Miel d\u2019Arbousier \u2013 L\u2019amertume noble des terres m\u00e9diterran\u00e9ennes - mielmalaki.com","robots":{"index":"index","follow":"follow","max-snippet":"max-snippet:-1","max-image-preview":"max-image-preview:large","max-video-preview":"max-video-preview:-1"},"canonical":"https:\/\/mielmalaki.com\/index.php\/product\/miel-darbousier-lamertume-noble-des-terres-mediterraneennes\/","og_locale":"en_US","og_type":"article","og_title":"Miel d\u2019Arbousier \u2013 L\u2019amertume noble des terres m\u00e9diterran\u00e9ennes - mielmalaki.com","og_description":"R\u00e9colt\u00e9 sur les fleurs de l\u2019arbousier, arbre sauvage embl\u00e9matique des zones m\u00e9diterran\u00e9ennes, ce miel rare d\u00e9voile une personnalit\u00e9 \u00e9tonnante : intense, l\u00e9g\u00e8rement amer et profond\u00e9ment aromatique. Le Miel d\u2019Arbousier de MIEL MALAKI s\u00e9duit les amateurs de go\u00fbts authentiques et affirm\u00e9s. Un caract\u00e8re unique et raffin\u00e9 Le nectar d\u2019arbousier est connu pour son profil gustatif tr\u00e8s [&hellip;]","og_url":"https:\/\/mielmalaki.com\/index.php\/product\/miel-darbousier-lamertume-noble-des-terres-mediterraneennes\/","og_site_name":"mielmalaki.com","article_modified_time":"2025-11-26T14:35:19+00:00","og_image":[{"width":1920,"height":2560,"url":"https:\/\/mielmalaki.com\/wp-content\/uploads\/2025\/11\/img_0298-scaled.jpeg","type":"image\/jpeg"}],"twitter_card":"summary_large_image","twitter_misc":{"Est. reading time":"1 minute"},"schema":{"@context":"https:\/\/schema.org","@graph":[{"@type":"WebPage","@id":"https:\/\/mielmalaki.com\/index.php\/product\/miel-darbousier-lamertume-noble-des-terres-mediterraneennes\/","url":"https:\/\/mielmalaki.com\/index.php\/product\/miel-darbousier-lamertume-noble-des-terres-mediterraneennes\/","name":"Miel d\u2019Arbousier \u2013 L\u2019amertume noble des terres m\u00e9diterran\u00e9ennes - mielmalaki.com","isPartOf":{"@id":"https:\/\/mielmalaki.com\/#website"},"primaryImageOfPage":{"@id":"https:\/\/mielmalaki.com\/index.php\/product\/miel-darbousier-lamertume-noble-des-terres-mediterraneennes\/#primaryimage"},"image":{"@id":"https:\/\/mielmalaki.com\/index.php\/product\/miel-darbousier-lamertume-noble-des-terres-mediterraneennes\/#primaryimage"},"thumbnailUrl":"https:\/\/mielmalaki.com\/wp-content\/uploads\/2025\/11\/img_0298-scaled.jpeg","datePublished":"2025-11-26T14:35:04+00:00","dateModified":"2025-11-26T14:35:19+00:00","breadcrumb":{"@id":"https:\/\/mielmalaki.com\/index.php\/product\/miel-darbousier-lamertume-noble-des-terres-mediterraneennes\/#breadcrumb"},"inLanguage":"en-US","potentialAction":[{"@type":"ReadAction","target":["https:\/\/mielmalaki.com\/index.php\/product\/miel-darbousier-lamertume-noble-des-terres-mediterraneennes\/"]}]},{"@type":"ImageObject","inLanguage":"en-US","@id":"https:\/\/mielmalaki.com\/index.php\/product\/miel-darbousier-lamertume-noble-des-terres-mediterraneennes\/#primaryimage","url":"https:\/\/mielmalaki.com\/wp-content\/uploads\/2025\/11\/img_0298-scaled.jpeg","contentUrl":"https:\/\/mielmalaki.com\/wp-content\/uploads\/2025\/11\/img_0298-scaled.jpeg","width":1920,"height":2560},{"@type":"BreadcrumbList","@id":"https:\/\/mielmalaki.com\/index.php\/product\/miel-darbousier-lamertume-noble-des-terres-mediterraneennes\/#breadcrumb","itemListElement":[{"@type":"ListItem","position":1,"name":"Accueil","item":"https:\/\/mielmalaki.com\/"},{"@type":"ListItem","position":2,"name":"Shop","item":"https:\/\/mielmalaki.com\/index.php\/shop\/"},{"@type":"ListItem","position":3,"name":"Miel d\u2019Arbousier \u2013 L\u2019amertume noble des terres m\u00e9diterran\u00e9ennes"}]},{"@type":"WebSite","@id":"https:\/\/mielmalaki.com\/#website","url":"https:\/\/mielmalaki.com\/","name":"mielmalaki.com","description":"","publisher":{"@id":"https:\/\/mielmalaki.com\/#organization"},"potentialAction":[{"@type":"SearchAction","target":{"@type":"EntryPoint","urlTemplate":"https:\/\/mielmalaki.com\/?s={search_term_string}"},"query-input":{"@type":"PropertyValueSpecification","valueRequired":true,"valueName":"search_term_string"}}],"inLanguage":"en-US"},{"@type":"Organization","@id":"https:\/\/mielmalaki.com\/#organization","name":"mielmalaki.com","url":"https:\/\/mielmalaki.com\/","logo":{"@type":"ImageObject","inLanguage":"en-US","@id":"https:\/\/mielmalaki.com\/#\/schema\/logo\/image\/","url":"https:\/\/mielmalaki.com\/wp-content\/uploads\/2024\/06\/cropped-logo-miel-2.png","contentUrl":"https:\/\/mielmalaki.com\/wp-content\/uploads\/2024\/06\/cropped-logo-miel-2.png","width":637,"height":281,"caption":"mielmalaki.com"},"image":{"@id":"https:\/\/mielmalaki.com\/#\/schema\/logo\/image\/"}}]}},"jetpack_sharing_enabled":true,"_links":{"self":[{"href":"https:\/\/mielmalaki.com\/index.php\/wp-json\/wp\/v2\/product\/575","targetHints":{"allow":["GET"]}}],"collection":[{"href":"https:\/\/mielmalaki.com\/index.php\/wp-json\/wp\/v2\/product"}],"about":[{"href":"https:\/\/mielmalaki.com\/index.php\/wp-json\/wp\/v2\/types\/product"}],"replies":[{"embeddable":true,"href":"https:\/\/mielmalaki.com\/index.php\/wp-json\/wp\/v2\/comments?post=575"}],"wp:featuredmedia":[{"embeddable":true,"href":"https:\/\/mielmalaki.com\/index.php\/wp-json\/wp\/v2\/media\/574"}],"wp:attachment":[{"href":"https:\/\/mielmalaki.com\/index.php\/wp-json\/wp\/v2\/media?parent=575"}],"wp:term":[{"taxonomy":"product_brand","embeddable":true,"href":"https:\/\/mielmalaki.com\/index.php\/wp-json\/wp\/v2\/product_brand?post=575"},{"taxonomy":"product_cat","embeddable":true,"href":"https:\/\/mielmalaki.com\/index.php\/wp-json\/wp\/v2\/product_cat?post=575"},{"taxonomy":"product_tag","embeddable":true,"href":"https:\/\/mielmalaki.com\/index.php\/wp-json\/wp\/v2\/product_tag?post=575"}],"curies":[{"name":"wp","href":"https:\/\/api.w.org\/{rel}","templated":true}]}}